{"id":2966,"date":"2022-05-30T07:13:46","date_gmt":"2022-05-30T07:13:46","guid":{"rendered":"https:\/\/dsvamb.sonus.cz\/?page_id=2966"},"modified":"2026-04-10T15:32:30","modified_gmt":"2026-04-10T13:32:30","slug":"hledate-zamestnani","status":"publish","type":"page","link":"https:\/\/www.dsvamb.cz\/?page_id=2966","title":{"rendered":"Hled\u00e1te zam\u011bstn\u00e1n\u00ed?"},"content":{"rendered":"\t\t<div data-elementor-type=\"wp-page\" data-elementor-id=\"2966\" class=\"elementor elementor-2966\" data-elementor-settings=\"[]\">\n\t\t\t\t\t\t\t<div class=\"elementor-section-wrap\">\n\t\t\t\t\t\t\t<section class=\"elementor-section elementor-top-section elementor-element elementor-element-7e280be elementor-section-boxed elementor-section-height-default elementor-section-height-default\" data-id=\"7e280be\" data-element_type=\"section\">\n\t\t\t\t\t\t<div class=\"elementor-container elementor-column-gap-default\">\n\t\t\t\t\t<div class=\"elementor-column elementor-col-100 elementor-top-column elementor-element elementor-element-b73275b\" data-id=\"b73275b\" data-element_type=\"column\">\n\t\t\t<div class=\"elementor-widget-wrap elementor-element-populated\">\n\t\t\t\t\t\t\t\t<div class=\"elementor-element elementor-element-d4c1715 elementor-widget elementor-widget-image\" data-id=\"d4c1715\" data-element_type=\"widget\" data-widget_type=\"image.default\">\n\t\t\t\t<div class=\"elementor-widget-container\">\n\t\t\t<style>\/*! elementor - v3.5.6 - 28-02-2022 *\/\n.elementor-widget-image{text-align:center}.elementor-widget-image a{display:inline-block}.elementor-widget-image a img[src$=\".svg\"]{width:48px}.elementor-widget-image img{vertical-align:middle;display:inline-block}<\/style>\t\t\t\t\t\t\t\t\t\t\t\t<img loading=\"lazy\" decoding=\"async\" width=\"724\" height=\"1024\" src=\"https:\/\/www.dsvamb.cz\/wp-content\/uploads\/2026\/04\/Inzerat-kucharka_2026-724x1024.png\" class=\"attachment-large size-large\" alt=\"\" srcset=\"https:\/\/www.dsvamb.cz\/wp-content\/uploads\/2026\/04\/Inzerat-kucharka_2026-724x1024.png 724w, https:\/\/www.dsvamb.cz\/wp-content\/uploads\/2026\/04\/Inzerat-kucharka_2026-212x300.png 212w, https:\/\/www.dsvamb.cz\/wp-content\/uploads\/2026\/04\/Inzerat-kucharka_2026-768x1086.png 768w, https:\/\/www.dsvamb.cz\/wp-content\/uploads\/2026\/04\/Inzerat-kucharka_2026-1086x1536.png 1086w, https:\/\/www.dsvamb.cz\/wp-content\/uploads\/2026\/04\/Inzerat-kucharka_2026-285x403.png 285w, https:\/\/www.dsvamb.cz\/wp-content\/uploads\/2026\/04\/Inzerat-kucharka_2026-467x660.png 467w, https:\/\/www.dsvamb.cz\/wp-content\/uploads\/2026\/04\/Inzerat-kucharka_2026-106x150.png 106w, https:\/\/www.dsvamb.cz\/wp-content\/uploads\/2026\/04\/Inzerat-kucharka_2026.png 1190w\" sizes=\"auto, (max-width: 724px) 100vw, 724px\" \/>\t\t\t\t\t\t\t\t\t\t\t\t\t\t\t<\/div>\n\t\t\t\t<\/div>\n\t\t\t\t<div class=\"elementor-element elementor-element-eb9b034 elementor-widget elementor-widget-image\" data-id=\"eb9b034\" data-element_type=\"widget\" data-widget_type=\"image.default\">\n\t\t\t\t<div class=\"elementor-widget-container\">\n\t\t\t\t\t\t\t\t\t\t\t\t\t\t\t<img loading=\"lazy\" decoding=\"async\" width=\"778\" height=\"899\" src=\"https:\/\/www.dsvamb.cz\/wp-content\/uploads\/2025\/11\/202511-stanicni-sestra.jpg\" class=\"attachment-large size-large\" alt=\"\" srcset=\"https:\/\/www.dsvamb.cz\/wp-content\/uploads\/2025\/11\/202511-stanicni-sestra.jpg 778w, https:\/\/www.dsvamb.cz\/wp-content\/uploads\/2025\/11\/202511-stanicni-sestra-260x300.jpg 260w, https:\/\/www.dsvamb.cz\/wp-content\/uploads\/2025\/11\/202511-stanicni-sestra-768x887.jpg 768w, https:\/\/www.dsvamb.cz\/wp-content\/uploads\/2025\/11\/202511-stanicni-sestra-285x329.jpg 285w, https:\/\/www.dsvamb.cz\/wp-content\/uploads\/2025\/11\/202511-stanicni-sestra-571x660.jpg 571w, https:\/\/www.dsvamb.cz\/wp-content\/uploads\/2025\/11\/202511-stanicni-sestra-130x150.jpg 130w\" sizes=\"auto, (max-width: 778px) 100vw, 778px\" \/>\t\t\t\t\t\t\t\t\t\t\t\t\t\t\t<\/div>\n\t\t\t\t<\/div>\n\t\t\t\t<div class=\"elementor-element elementor-element-8a6fc7d elementor-widget elementor-widget-text-editor\" data-id=\"8a6fc7d\" data-element_type=\"widget\" data-widget_type=\"text-editor.default\">\n\t\t\t\t<div class=\"elementor-widget-container\">\n\t\t\t<style>\/*! elementor - v3.5.6 - 28-02-2022 *\/\n.elementor-widget-text-editor.elementor-drop-cap-view-stacked .elementor-drop-cap{background-color:#818a91;color:#fff}.elementor-widget-text-editor.elementor-drop-cap-view-framed .elementor-drop-cap{color:#818a91;border:3px solid;background-color:transparent}.elementor-widget-text-editor:not(.elementor-drop-cap-view-default) .elementor-drop-cap{margin-top:8px}.elementor-widget-text-editor:not(.elementor-drop-cap-view-default) .elementor-drop-cap-letter{width:1em;height:1em}.elementor-widget-text-editor .elementor-drop-cap{float:left;text-align:center;line-height:1;font-size:50px}.elementor-widget-text-editor .elementor-drop-cap-letter{display:inline-block}<\/style>\t\t\t\t<p><strong>\u00a0<\/strong><\/p>\n<h3><strong>\u00a0\u00a0\u00a0\u00a0\u00a0 <\/strong><strong>\u00a0 \u00a0 \u00a0 \u00a0 \u00a0 \u00a0 \u00a0 \u00a0 \u00a0 \u00a0 \u00a0 \u00a0 \u00a0 \u00a0 \u00a0 \u00a0 \u00a0 Voln\u00e9 pracovn\u00ed m\u00edsto <\/strong><strong>\u00a0\u00a0\u00a0\u00a0<\/strong><\/h3>\n<p><strong>\u00a0 \u00a0 \u00a0 \u00a0 \u00a0 \u00a0 \u00a0 \u00a0 \u00a0 \u00a0 \u00a0 \u00a0 \u00a0 \u00a0 \u00a0 \u00a0 \u00a0 Pracovn\u00edk v soci\u00e1ln\u00edch slu\u017eb\u00e1ch do Denn\u00edho stacion\u00e1\u0159e<\/strong><\/p>\n<p><strong>\u00a0 \u00a0 Hled\u00e1me empatick\u00e9ho a spolehliv\u00e9ho Pracovn\u00edka v soci\u00e1ln\u00edch slu\u017eb\u00e1ch (p\u0159\u00edm\u00e1 obslu\u017en\u00e1 p\u00e9\u010de)<\/strong>, kter\u00e1\/\u00fd se stane sou\u010d\u00e1st\u00ed na\u0161eho t\u00fdmu v denn\u00edm stacion\u00e1\u0159i pro seniory.\u00a0 \u00a0 \u00a0 Pokud m\u00e1te kladn\u00fd vztah k pr\u00e1ci s lidmi, trp\u011blivost a chu\u0165 pom\u00e1hat, r\u00e1di v\u00e1s pozn\u00e1me.<\/p>\n<h4><strong>N\u00e1pl\u0148 pr\u00e1ce<\/strong><\/h4>\n<ul>\n<li>pomoc senior\u016fm p\u0159i b\u011b\u017en\u00fdch denn\u00edch \u010dinnostech (hygiena, obl\u00e9k\u00e1n\u00ed, stravov\u00e1n\u00ed)<\/li>\n<li>podpora sob\u011bsta\u010dnosti klient\u016f<\/li>\n<li>doprovod klient\u016f v r\u00e1mci za\u0159\u00edzen\u00ed<\/li>\n<li>spolupr\u00e1ce s t\u00fdmem pracovn\u00edk\u016f v soci\u00e1ln\u00edch slu\u017eb\u00e1ch<\/li>\n<li>veden\u00ed jednoduch\u00e9 dokumentace<\/li>\n<\/ul>\n<h4><strong>Po\u017eadujeme<\/strong><\/h4>\n<ul>\n<li>z\u00e1kladn\u00ed vzd\u011bl\u00e1n\u00ed<\/li>\n<li>kurz pro pracovn\u00edky v soci\u00e1ln\u00edch slu\u017eb\u00e1ch v\u00fdhodou (mo\u017enost doplnit)<\/li>\n<li>vztah k senior\u016fm, trp\u011blivost, empatii<\/li>\n<li>fyzickou zdatnost a psychickou odolnost<\/li>\n<li>spolehlivost, t\u00fdmov\u00e9ho ducha<\/li>\n<\/ul>\n<h4><strong>Nab\u00edz\u00edme<\/strong><\/h4>\n<ul>\n<li>5 t\u00fddn\u016f dovolen\u00e9<\/li>\n<li>plat dle na\u0159\u00edzen\u00ed vl\u00e1dy 341\/2017 Sb., o platov\u00fdch pom\u011brech zam\u011bstnanc\u016f ve ve\u0159ejn\u00fdch slu\u017eb\u00e1ch a spr\u00e1v\u011b, podle zapo\u010ditateln\u00e9 praxe v\u00a0oboru<\/li>\n<li>pravideln\u00e9 finan\u010dn\u00ed bonusy\/pr\u00e9mie<\/li>\n<li>pr\u00e1ci v p\u0159\u00e1telsk\u00e9m kolektivu a p\u0159\u00edjemn\u00e9m prost\u0159ed\u00ed<\/li>\n<li>smysluplnou pr\u00e1ci, kter\u00e1 m\u00e1 skute\u010dn\u00fd dopad<\/li>\n<li>pravidelnou pracovn\u00ed dobu (denn\u00ed provoz)<\/li>\n<li>mo\u017enost dal\u0161\u00edho vzd\u011bl\u00e1v\u00e1n\u00ed<\/li>\n<li>jistotu stabiln\u00edho zam\u011bstnavatele<\/li>\n<li>n\u00e1stup dle dohody<\/li>\n<\/ul>\n<h4><strong>M\u00edsto v\u00fdkonu pr\u00e1ce<\/strong><\/h4>\n<p>Denn\u00ed stacion\u00e1\u0159 pro seniory \u2013 <em><strong>D\u016fm sv. Anton\u00edna, Komensk\u00e9ho 907, 676 02 Moravsk\u00e9 Bud\u011bjovice<\/strong><\/em><strong>.<\/strong><\/p>\n<h4><strong>Kontaktn\u00ed osoba<\/strong><\/h4>\n<ul>\n<li>Ivana Nov\u00e1\u010dkov\u00e1, personalistka, mzdov\u00e1 \u00fa\u010detn\u00ed<\/li>\n<li><a href=\"mailto:novackova.i@dsvamb.cz\">i@dsvamb.cz<\/a>, tel. 702\u00a0272\u00a0847<\/li>\n<\/ul>\n<p>\u00a0<\/p>\t\t\t\t\t\t<\/div>\n\t\t\t\t<\/div>\n\t\t\t\t\t<\/div>\n\t\t<\/div>\n\t\t\t\t\t\t\t<\/div>\n\t\t<\/section>\n\t\t\t\t<section class=\"elementor-section elementor-top-section elementor-element elementor-element-7e302ccd elementor-section-boxed elementor-section-height-default elementor-section-height-default\" data-id=\"7e302ccd\" data-element_type=\"section\">\n\t\t\t\t\t\t<div class=\"elementor-container elementor-column-gap-default\">\n\t\t\t\t\t<div class=\"elementor-column elementor-col-100 elementor-top-column elementor-element elementor-element-76127201\" data-id=\"76127201\" data-element_type=\"column\">\n\t\t\t<div class=\"elementor-widget-wrap elementor-element-populated\">\n\t\t\t\t\t\t\t\t<div class=\"elementor-element elementor-element-520caa63 elementor-widget elementor-widget-text-editor\" data-id=\"520caa63\" data-element_type=\"widget\" data-widget_type=\"text-editor.default\">\n\t\t\t\t<div class=\"elementor-widget-container\">\n\t\t\t\t\t\t\t<!-- wp:paragraph {\"align\":\"center\",\"fontSize\":\"medium\"} -->\n<p class=\"has-text-align-center has-medium-font-size\">HLED\u00c1ME DO NA\u0160EHO T\u00ddMU<\/p>\n<!-- \/wp:paragraph -->\n\n<!-- wp:paragraph {\"align\":\"center\",\"fontSize\":\"large\"} -->\n<p class=\"has-text-align-center has-large-font-size\">ZDRAVOTN\u00cd SESTRY<br><\/p>\n<!-- \/wp:paragraph -->\n\n<!-- wp:paragraph {\"fontSize\":\"medium\"} -->\n<p class=\"has-medium-font-size\"><strong>Po\u017eadavky<\/strong><\/p>\n<!-- \/wp:paragraph -->\n\n<!-- wp:group -->\n<div class=\"wp-block-group\"><!-- wp:list -->\n<ul class=\"wp-block-list\"><!-- wp:list-item -->\n<li>zdravotnick\u00e9 vzd\u011bl\u00e1n\u00ed<\/li>\n<!-- \/wp:list-item --><\/ul>\n<!-- \/wp:list -->\n\n<!-- wp:list -->\n<ul class=\"wp-block-list\"><!-- wp:list-item -->\n<li>mor\u00e1ln\u00ed bez\u00fahonnost<\/li>\n<!-- \/wp:list-item --><\/ul>\n<!-- \/wp:list -->\n\n<!-- wp:list -->\n<ul class=\"wp-block-list\"><!-- wp:list-item -->\n<li>t\u00fdmov\u00e1 spolupr\u00e1ce<\/li>\n<!-- \/wp:list-item --><\/ul>\n<!-- \/wp:list -->\n\n<!-- wp:list -->\n<ul class=\"wp-block-list\"><!-- wp:list-item -->\n<li>kladn\u00fd vztah k senior\u016fm<br><\/li>\n<!-- \/wp:list-item --><\/ul>\n<!-- \/wp:list --><\/div>\n<!-- \/wp:group -->\n\n<!-- wp:paragraph {\"fontSize\":\"medium\"} -->\n<p class=\"has-medium-font-size\"><strong>Benefity<\/strong><\/p>\n<!-- \/wp:paragraph -->\n\n<!-- wp:list -->\n<ul class=\"wp-block-list\"><!-- wp:list-item -->\n<li>podpora v akreditovan\u00e9m specializa\u010dn\u00edm vzd\u011bl\u00e1v\u00e1n\u00ed<\/li>\n<!-- \/wp:list-item --><\/ul>\n<!-- \/wp:list -->\n\n<!-- wp:list -->\n<ul class=\"wp-block-list\"><!-- wp:list-item -->\n<li>5 t\u00fddn\u016f dovolen\u00e9<\/li>\n<!-- \/wp:list-item --><\/ul>\n<!-- \/wp:list -->\n\n<!-- wp:list -->\n<ul class=\"wp-block-list\"><!-- wp:list-item -->\n<li>mzda dle na\u0159\u00edzen\u00ed vl\u00e1dy \u010d. 341\/2017 Sb. o platov\u00fdch pom\u011brech zam\u011bstnanc\u016f ve ve\u0159ejn\u00fdch slu\u017eb\u00e1ch a spr\u00e1v\u011b, platov\u00e9 za\u0159azen\u00ed dle tabulek.<\/li>\n<!-- \/wp:list-item --><\/ul>\n<!-- \/wp:list -->\n\n<!-- wp:list -->\n<ul class=\"wp-block-list\"><!-- wp:list-item -->\n<li>pravideln\u00e9 i mimo\u0159\u00e1dn\u00e9 finan\u010dn\u00ed odm\u011bny<\/li>\n<!-- \/wp:list-item --><\/ul>\n<!-- \/wp:list -->\n\n<!-- wp:list -->\n<ul class=\"wp-block-list\"><!-- wp:list-item -->\n<li>v\u00fdhodn\u00e9 stravov\u00e1n\u00ed<br><\/li>\n<!-- \/wp:list-item --><\/ul>\n<!-- \/wp:list -->\n\n<!-- wp:paragraph {\"fontSize\":\"medium\"} -->\n<p class=\"has-medium-font-size\"><strong>Kontakt<\/strong><\/p>\n<!-- \/wp:paragraph -->\n\n<!-- wp:paragraph {\"fontSize\":\"medium\"} -->\n<p class=\"has-medium-font-size\"><br>Person\u00e1ln\u00ed odd\u011blen\u00ed:<br>Bc. Ivana Nov\u00e1\u010dkov\u00e1, 702 272 847, novackova.i@dsvamb.cz<\/p>\n<!-- \/wp:paragraph -->\n\n<!-- wp:paragraph -->\n<p><\/p>\n<!-- \/wp:paragraph -->\t\t\t\t\t\t<\/div>\n\t\t\t\t<\/div>\n\t\t\t\t\t<\/div>\n\t\t<\/div>\n\t\t\t\t\t\t\t<\/div>\n\t\t<\/section>\n\t\t\t\t\t\t<\/div>\n\t\t\t\t\t<\/div>\n\t\t","protected":false},"excerpt":{"rendered":"<p>\u00a0 \u00a0\u00a0\u00a0\u00a0\u00a0 \u00a0 \u00a0 \u00a0 \u00a0 \u00a0 \u00a0 \u00a0 \u00a0 \u00a0 \u00a0 \u00a0 \u00a0 \u00a0 \u00a0 \u00a0 \u00a0&#8230;<\/p>\n","protected":false},"author":1,"featured_media":0,"parent":0,"menu_order":0,"comment_status":"closed","ping_status":"closed","template":"","meta":{"ngg_post_thumbnail":0,"footnotes":""},"class_list":["post-2966","page","type-page","status-publish","hentry"],"_links":{"self":[{"href":"https:\/\/www.dsvamb.cz\/index.php?rest_route=\/wp\/v2\/pages\/2966","targetHints":{"allow":["GET"]}}],"collection":[{"href":"https:\/\/www.dsvamb.cz\/index.php?rest_route=\/wp\/v2\/pages"}],"about":[{"href":"https:\/\/www.dsvamb.cz\/index.php?rest_route=\/wp\/v2\/types\/page"}],"author":[{"embeddable":true,"href":"https:\/\/www.dsvamb.cz\/index.php?rest_route=\/wp\/v2\/users\/1"}],"replies":[{"embeddable":true,"href":"https:\/\/www.dsvamb.cz\/index.php?rest_route=%2Fwp%2Fv2%2Fcomments&post=2966"}],"version-history":[{"count":15,"href":"https:\/\/www.dsvamb.cz\/index.php?rest_route=\/wp\/v2\/pages\/2966\/revisions"}],"predecessor-version":[{"id":27083,"href":"https:\/\/www.dsvamb.cz\/index.php?rest_route=\/wp\/v2\/pages\/2966\/revisions\/27083"}],"wp:attachment":[{"href":"https:\/\/www.dsvamb.cz\/index.php?rest_route=%2Fwp%2Fv2%2Fmedia&parent=2966"}],"curies":[{"name":"wp","href":"https:\/\/api.w.org\/{rel}","templated":true}]}}