{"id":2909,"date":"2022-05-27T09:23:58","date_gmt":"2022-05-27T09:23:58","guid":{"rendered":"https:\/\/dsvamb.sonus.cz\/?page_id=2909"},"modified":"2026-01-08T22:41:45","modified_gmt":"2026-01-08T21:41:45","slug":"formulare-ke-stazeni","status":"publish","type":"page","link":"https:\/\/www.dsvamb.cz\/?page_id=2909","title":{"rendered":"Formul\u00e1\u0159e ke sta\u017een\u00ed"},"content":{"rendered":"\t\t<div data-elementor-type=\"wp-page\" data-elementor-id=\"2909\" class=\"elementor elementor-2909\" data-elementor-settings=\"[]\">\n\t\t\t\t\t\t\t<div class=\"elementor-section-wrap\">\n\t\t\t\t\t\t\t<section class=\"elementor-section elementor-top-section elementor-element elementor-element-8bfe1c1 elementor-section-boxed elementor-section-height-default elementor-section-height-default\" data-id=\"8bfe1c1\" data-element_type=\"section\">\n\t\t\t\t\t\t<div class=\"elementor-container elementor-column-gap-default\">\n\t\t\t\t\t<div class=\"elementor-column elementor-col-100 elementor-top-column elementor-element elementor-element-11220aa\" data-id=\"11220aa\" data-element_type=\"column\">\n\t\t\t<div class=\"elementor-widget-wrap elementor-element-populated\">\n\t\t\t\t\t\t\t\t<div class=\"elementor-element elementor-element-388af59 elementor-widget elementor-widget-text-editor\" data-id=\"388af59\" data-element_type=\"widget\" data-widget_type=\"text-editor.default\">\n\t\t\t\t<div class=\"elementor-widget-container\">\n\t\t\t<style>\/*! elementor - v3.5.6 - 28-02-2022 *\/\n.elementor-widget-text-editor.elementor-drop-cap-view-stacked .elementor-drop-cap{background-color:#818a91;color:#fff}.elementor-widget-text-editor.elementor-drop-cap-view-framed .elementor-drop-cap{color:#818a91;border:3px solid;background-color:transparent}.elementor-widget-text-editor:not(.elementor-drop-cap-view-default) .elementor-drop-cap{margin-top:8px}.elementor-widget-text-editor:not(.elementor-drop-cap-view-default) .elementor-drop-cap-letter{width:1em;height:1em}.elementor-widget-text-editor .elementor-drop-cap{float:left;text-align:center;line-height:1;font-size:50px}.elementor-widget-text-editor .elementor-drop-cap-letter{display:inline-block}<\/style>\t\t\t\t<ul><li><a href=\"https:\/\/www.dsvamb.cz\/wp-content\/uploads\/2026\/01\/202601-Zadost-o-poskytovani-pobytove-socialni-sluzby-1.xlsx\">\u017d\u00e1dost o poskytov\u00e1n\u00ed pobytov\u00e9 soci\u00e1ln\u00ed slu\u017eby<\/a><\/li><li><a href=\"https:\/\/www.dsvamb.cz\/wp-content\/uploads\/2026\/01\/202601-Vyjadreni-lekare-priloha-k-zadosti.xlsx\">Vyj\u00e1d\u0159en\u00ed praktick\u00e9ho l\u00e9ka\u0159e<\/a><\/li><li><a href=\"https:\/\/www.dsvamb.cz\/wp-content\/uploads\/2026\/01\/202601-Seznam-veci.doc\">Seznam doporu\u010den\u00fdch v\u011bc\u00ed k p\u0159ijet\u00ed do domova<\/a><\/li><li><a style=\"background-color: #f5f5f5;\" href=\"https:\/\/dsvamb.cz\/wp-content\/uploads\/2022\/05\/DarovaciSmlouva.pdf\">Darovac\u00ed smlouva<\/a><\/li><\/ul>\t\t\t\t\t\t<\/div>\n\t\t\t\t<\/div>\n\t\t\t\t\t<\/div>\n\t\t<\/div>\n\t\t\t\t\t\t\t<\/div>\n\t\t<\/section>\n\t\t\t\t\t\t<\/div>\n\t\t\t\t\t<\/div>\n\t\t","protected":false},"excerpt":{"rendered":"<p>\u017d\u00e1dost o poskytov\u00e1n\u00ed pobytov\u00e9 soci\u00e1ln\u00ed slu\u017eby Vyj\u00e1d\u0159en\u00ed praktick\u00e9ho l\u00e9ka\u0159e Seznam doporu\u010den\u00fdch v\u011bc\u00ed k p\u0159ijet\u00ed do domova Darovac\u00ed smlouva<\/p>\n","protected":false},"author":1,"featured_media":0,"parent":0,"menu_order":0,"comment_status":"closed","ping_status":"closed","template":"","meta":{"ngg_post_thumbnail":0,"footnotes":""},"class_list":["post-2909","page","type-page","status-publish","hentry"],"_links":{"self":[{"href":"https:\/\/www.dsvamb.cz\/index.php?rest_route=\/wp\/v2\/pages\/2909","targetHints":{"allow":["GET"]}}],"collection":[{"href":"https:\/\/www.dsvamb.cz\/index.php?rest_route=\/wp\/v2\/pages"}],"about":[{"href":"https:\/\/www.dsvamb.cz\/index.php?rest_route=\/wp\/v2\/types\/page"}],"author":[{"embeddable":true,"href":"https:\/\/www.dsvamb.cz\/index.php?rest_route=\/wp\/v2\/users\/1"}],"replies":[{"embeddable":true,"href":"https:\/\/www.dsvamb.cz\/index.php?rest_route=%2Fwp%2Fv2%2Fcomments&post=2909"}],"version-history":[{"count":76,"href":"https:\/\/www.dsvamb.cz\/index.php?rest_route=\/wp\/v2\/pages\/2909\/revisions"}],"predecessor-version":[{"id":26938,"href":"https:\/\/www.dsvamb.cz\/index.php?rest_route=\/wp\/v2\/pages\/2909\/revisions\/26938"}],"wp:attachment":[{"href":"https:\/\/www.dsvamb.cz\/index.php?rest_route=%2Fwp%2Fv2%2Fmedia&parent=2909"}],"curies":[{"name":"wp","href":"https:\/\/api.w.org\/{rel}","templated":true}]}}