{"id":26807,"date":"2025-10-24T15:14:51","date_gmt":"2025-10-24T13:14:51","guid":{"rendered":"https:\/\/www.dsvamb.cz\/?page_id=26807"},"modified":"2025-12-16T22:18:57","modified_gmt":"2025-12-16T21:18:57","slug":"domov-se-zvlastnim-rezimem-2","status":"publish","type":"page","link":"https:\/\/www.dsvamb.cz\/?page_id=26807","title":{"rendered":"Domov se zvl\u00e1\u0161tn\u00edm re\u017eimem"},"content":{"rendered":"\t\t<div data-elementor-type=\"wp-page\" data-elementor-id=\"26807\" class=\"elementor elementor-26807\" data-elementor-settings=\"[]\">\n\t\t\t\t\t\t\t<div class=\"elementor-section-wrap\">\n\t\t\t\t\t\t\t<section class=\"elementor-section elementor-top-section elementor-element elementor-element-2f0eff1 elementor-section-boxed elementor-section-height-default elementor-section-height-default\" data-id=\"2f0eff1\" data-element_type=\"section\" data-settings=\"{&quot;background_background&quot;:&quot;classic&quot;}\">\n\t\t\t\t\t\t<div class=\"elementor-container elementor-column-gap-default\">\n\t\t\t\t\t<div class=\"elementor-column elementor-col-100 elementor-top-column elementor-element elementor-element-d3015bc\" data-id=\"d3015bc\" data-element_type=\"column\">\n\t\t\t<div class=\"elementor-widget-wrap elementor-element-populated\">\n\t\t\t\t\t\t\t\t<div class=\"elementor-element elementor-element-d765841 elementor-widget elementor-widget-heading\" data-id=\"d765841\" data-element_type=\"widget\" data-widget_type=\"heading.default\">\n\t\t\t\t<div class=\"elementor-widget-container\">\n\t\t\t<style>\/*! elementor - v3.5.6 - 28-02-2022 *\/\n.elementor-heading-title{padding:0;margin:0;line-height:1}.elementor-widget-heading .elementor-heading-title[class*=elementor-size-]>a{color:inherit;font-size:inherit;line-height:inherit}.elementor-widget-heading .elementor-heading-title.elementor-size-small{font-size:15px}.elementor-widget-heading .elementor-heading-title.elementor-size-medium{font-size:19px}.elementor-widget-heading .elementor-heading-title.elementor-size-large{font-size:29px}.elementor-widget-heading .elementor-heading-title.elementor-size-xl{font-size:39px}.elementor-widget-heading .elementor-heading-title.elementor-size-xxl{font-size:59px}<\/style><h1 class=\"elementor-heading-title elementor-size-default elementor-heading-title elementor-size-default\">Domov se zvl\u00e1\u0161tn\u00edm re\u017eimem<\/h1>\t\t<\/div>\n\t\t\t\t<\/div>\n\t\t\t\t\t<\/div>\n\t\t<\/div>\n\t\t\t\t\t\t\t<\/div>\n\t\t<\/section>\n\t\t\t\t<section class=\"elementor-section elementor-top-section elementor-element elementor-element-2d014e4 elementor-section-height-min-height elementor-section-boxed elementor-section-height-default elementor-section-items-middle\" data-id=\"2d014e4\" data-element_type=\"section\" data-settings=\"{&quot;background_background&quot;:&quot;classic&quot;}\">\n\t\t\t\t\t\t<div class=\"elementor-container elementor-column-gap-default\">\n\t\t\t\t\t<div class=\"elementor-column elementor-col-100 elementor-top-column elementor-element elementor-element-857ba2f\" data-id=\"857ba2f\" data-element_type=\"column\">\n\t\t\t<div class=\"elementor-widget-wrap elementor-element-populated\">\n\t\t\t\t\t\t\t\t<div class=\"elementor-element elementor-element-eafbe8a elementor-widget elementor-widget-wp-widget-bcn_widget\" data-id=\"eafbe8a\" data-element_type=\"widget\" data-widget_type=\"wp-widget-bcn_widget.default\">\n\t\t\t\t<div class=\"elementor-widget-container\">\n\t\t\t<div class=\"breadcrumbs\" itemscope itemtype=\"https:\/\/schema.org\/BreadcrumbList\"><!-- Breadcrumb NavXT 7.4.1 -->\n<span property=\"itemListElement\" typeof=\"ListItem\"><a property=\"item\" typeof=\"WebPage\" title=\"P\u0159ej\u00edt na dsvamb.cz.\" href=\"https:\/\/www.dsvamb.cz\" class=\"home\" aria-current=\"page\"><span property=\"name\">dsvamb.cz<\/span><\/a><meta property=\"position\" content=\"1\"><\/span><\/div>\t\t<\/div>\n\t\t\t\t<\/div>\n\t\t\t\t\t<\/div>\n\t\t<\/div>\n\t\t\t\t\t\t\t<\/div>\n\t\t<\/section>\n\t\t\t\t<section class=\"elementor-section elementor-top-section elementor-element elementor-element-9329e44 elementor-section-boxed elementor-section-height-default elementor-section-height-default\" data-id=\"9329e44\" data-element_type=\"section\">\n\t\t\t\t\t\t<div class=\"elementor-container elementor-column-gap-default\">\n\t\t\t\t\t<div class=\"elementor-column elementor-col-100 elementor-top-column elementor-element elementor-element-c475422\" data-id=\"c475422\" data-element_type=\"column\">\n\t\t\t<div class=\"elementor-widget-wrap elementor-element-populated\">\n\t\t\t\t\t\t\t\t<div class=\"elementor-element elementor-element-a995ac4 elementor-widget elementor-widget-text-editor\" data-id=\"a995ac4\" data-element_type=\"widget\" data-widget_type=\"text-editor.default\">\n\t\t\t\t<div class=\"elementor-widget-container\">\n\t\t\t<style>\/*! elementor - v3.5.6 - 28-02-2022 *\/\n.elementor-widget-text-editor.elementor-drop-cap-view-stacked .elementor-drop-cap{background-color:#818a91;color:#fff}.elementor-widget-text-editor.elementor-drop-cap-view-framed .elementor-drop-cap{color:#818a91;border:3px solid;background-color:transparent}.elementor-widget-text-editor:not(.elementor-drop-cap-view-default) .elementor-drop-cap{margin-top:8px}.elementor-widget-text-editor:not(.elementor-drop-cap-view-default) .elementor-drop-cap-letter{width:1em;height:1em}.elementor-widget-text-editor .elementor-drop-cap{float:left;text-align:center;line-height:1;font-size:50px}.elementor-widget-text-editor .elementor-drop-cap-letter{display:inline-block}<\/style>\t\t\t\t<h1>Rekonstrukce Domu sv. Anton\u00edna<\/h1>\t\t\t\t\t\t<\/div>\n\t\t\t\t<\/div>\n\t\t\t\t\t<\/div>\n\t\t<\/div>\n\t\t\t\t\t\t\t<\/div>\n\t\t<\/section>\n\t\t\t\t<section class=\"elementor-section elementor-top-section elementor-element elementor-element-f3fd1fe elementor-section-boxed elementor-section-height-default elementor-section-height-default\" data-id=\"f3fd1fe\" data-element_type=\"section\">\n\t\t\t\t\t\t<div class=\"elementor-container elementor-column-gap-default\">\n\t\t\t\t\t<div class=\"elementor-column elementor-col-100 elementor-top-column elementor-element elementor-element-4452222\" data-id=\"4452222\" data-element_type=\"column\">\n\t\t\t<div class=\"elementor-widget-wrap\">\n\t\t\t\t\t\t\t\t\t<\/div>\n\t\t<\/div>\n\t\t\t\t\t\t\t<\/div>\n\t\t<\/section>\n\t\t\t\t<section class=\"elementor-section elementor-top-section elementor-element elementor-element-867cee5 elementor-section-boxed elementor-section-height-default elementor-section-height-default\" data-id=\"867cee5\" data-element_type=\"section\" data-settings=\"{&quot;background_background&quot;:&quot;classic&quot;}\">\n\t\t\t\t\t\t<div class=\"elementor-container elementor-column-gap-default\">\n\t\t\t\t\t<div class=\"elementor-column elementor-col-100 elementor-top-column elementor-element elementor-element-e2a89dc\" data-id=\"e2a89dc\" data-element_type=\"column\">\n\t\t\t<div class=\"elementor-widget-wrap elementor-element-populated\">\n\t\t\t\t\t\t\t\t<div class=\"elementor-element elementor-element-9390055 elementor-widget elementor-widget-image\" data-id=\"9390055\" data-element_type=\"widget\" data-widget_type=\"image.default\">\n\t\t\t\t<div class=\"elementor-widget-container\">\n\t\t\t<style>\/*! elementor - v3.5.6 - 28-02-2022 *\/\n.elementor-widget-image{text-align:center}.elementor-widget-image a{display:inline-block}.elementor-widget-image a img[src$=\".svg\"]{width:48px}.elementor-widget-image img{vertical-align:middle;display:inline-block}<\/style>\t\t\t\t\t\t\t\t\t\t\t\t<img loading=\"lazy\" decoding=\"async\" width=\"473\" height=\"1024\" src=\"https:\/\/www.dsvamb.cz\/wp-content\/uploads\/2025\/12\/thumbnail_20251207_112715-od-brany-473x1024.jpg\" class=\"attachment-large size-large\" alt=\"\" srcset=\"https:\/\/www.dsvamb.cz\/wp-content\/uploads\/2025\/12\/thumbnail_20251207_112715-od-brany-473x1024.jpg 473w, https:\/\/www.dsvamb.cz\/wp-content\/uploads\/2025\/12\/thumbnail_20251207_112715-od-brany-139x300.jpg 139w, https:\/\/www.dsvamb.cz\/wp-content\/uploads\/2025\/12\/thumbnail_20251207_112715-od-brany-768x1662.jpg 768w, https:\/\/www.dsvamb.cz\/wp-content\/uploads\/2025\/12\/thumbnail_20251207_112715-od-brany-710x1536.jpg 710w, https:\/\/www.dsvamb.cz\/wp-content\/uploads\/2025\/12\/thumbnail_20251207_112715-od-brany-285x617.jpg 285w, https:\/\/www.dsvamb.cz\/wp-content\/uploads\/2025\/12\/thumbnail_20251207_112715-od-brany-305x660.jpg 305w, https:\/\/www.dsvamb.cz\/wp-content\/uploads\/2025\/12\/thumbnail_20251207_112715-od-brany-69x150.jpg 69w, https:\/\/www.dsvamb.cz\/wp-content\/uploads\/2025\/12\/thumbnail_20251207_112715-od-brany.jpg 887w\" sizes=\"auto, (max-width: 473px) 100vw, 473px\" \/>\t\t\t\t\t\t\t\t\t\t\t\t\t\t\t<\/div>\n\t\t\t\t<\/div>\n\t\t\t\t<div class=\"elementor-element elementor-element-f3b76d7 elementor-widget elementor-widget-text-editor\" data-id=\"f3b76d7\" data-element_type=\"widget\" data-widget_type=\"text-editor.default\">\n\t\t\t\t<div class=\"elementor-widget-container\">\n\t\t\t\t\t\t\t<p>\u00a0 \u00a0 \u00a0 \u00a0 \u00a0 \u00a0 \u00a0 \u00a0 \u00a0 \u00a0 \u00a0 \u00a0 \u00a0 \u00a0 \u00a0 \u00a0 \u00a0 \u00a0 \u00a0 \u00a0 \u00a0 \u00a0 \u00a0 \u00a0 \u00a0 \u00a0 \u00a0 \u00a0 \u00a0 \u00a0 \u00a0 \u00a0 \u00a0 \u00a0 \u00a0 \u00a0 \u00a0 \u00a0 \u00a0 \u00a0 \u00a0 \u00a0 \u00a0 \u00a0 \u00a0 \u00a0 \u00a0\u00a0<\/p>\t\t\t\t\t\t<\/div>\n\t\t\t\t<\/div>\n\t\t\t\t<div class=\"elementor-element elementor-element-a591a0b elementor-widget elementor-widget-image\" data-id=\"a591a0b\" data-element_type=\"widget\" data-widget_type=\"image.default\">\n\t\t\t\t<div class=\"elementor-widget-container\">\n\t\t\t\t\t\t\t\t\t\t\t\t\t\t\t<img loading=\"lazy\" decoding=\"async\" width=\"940\" height=\"434\" src=\"https:\/\/www.dsvamb.cz\/wp-content\/uploads\/2025\/12\/20251207_111231_pohled-k-pristavbe-1024x473.jpg\" class=\"attachment-large size-large\" alt=\"\" srcset=\"https:\/\/www.dsvamb.cz\/wp-content\/uploads\/2025\/12\/20251207_111231_pohled-k-pristavbe-1024x473.jpg 1024w, https:\/\/www.dsvamb.cz\/wp-content\/uploads\/2025\/12\/20251207_111231_pohled-k-pristavbe-300x139.jpg 300w, https:\/\/www.dsvamb.cz\/wp-content\/uploads\/2025\/12\/20251207_111231_pohled-k-pristavbe-768x355.jpg 768w, https:\/\/www.dsvamb.cz\/wp-content\/uploads\/2025\/12\/20251207_111231_pohled-k-pristavbe-1536x710.jpg 1536w, https:\/\/www.dsvamb.cz\/wp-content\/uploads\/2025\/12\/20251207_111231_pohled-k-pristavbe-2048x946.jpg 2048w, https:\/\/www.dsvamb.cz\/wp-content\/uploads\/2025\/12\/20251207_111231_pohled-k-pristavbe-285x132.jpg 285w, https:\/\/www.dsvamb.cz\/wp-content\/uploads\/2025\/12\/20251207_111231_pohled-k-pristavbe-1600x739.jpg 1600w, https:\/\/www.dsvamb.cz\/wp-content\/uploads\/2025\/12\/20251207_111231_pohled-k-pristavbe-660x305.jpg 660w, https:\/\/www.dsvamb.cz\/wp-content\/uploads\/2025\/12\/20251207_111231_pohled-k-pristavbe-150x69.jpg 150w\" sizes=\"auto, (max-width: 940px) 100vw, 940px\" \/>\t\t\t\t\t\t\t\t\t\t\t\t\t\t\t<\/div>\n\t\t\t\t<\/div>\n\t\t\t\t\t<\/div>\n\t\t<\/div>\n\t\t\t\t\t\t\t<\/div>\n\t\t<\/section>\n\t\t\t\t<section class=\"elementor-section elementor-top-section elementor-element elementor-element-31afffd elementor-section-boxed elementor-section-height-default elementor-section-height-default\" data-id=\"31afffd\" data-element_type=\"section\">\n\t\t\t\t\t\t<div class=\"elementor-container elementor-column-gap-default\">\n\t\t\t\t\t<div class=\"elementor-column elementor-col-100 elementor-top-column elementor-element elementor-element-bee7f9c\" data-id=\"bee7f9c\" data-element_type=\"column\">\n\t\t\t<div class=\"elementor-widget-wrap elementor-element-populated\">\n\t\t\t\t\t\t\t\t<div class=\"elementor-element elementor-element-87eb864 elementor-widget elementor-widget-image\" data-id=\"87eb864\" data-element_type=\"widget\" data-widget_type=\"image.default\">\n\t\t\t\t<div class=\"elementor-widget-container\">\n\t\t\t\t\t\t\t\t\t\t\t\t\t\t\t<img loading=\"lazy\" decoding=\"async\" width=\"940\" height=\"434\" src=\"https:\/\/www.dsvamb.cz\/wp-content\/uploads\/2025\/12\/20251212_115831-dvur-1024x473.jpg\" class=\"attachment-large size-large\" alt=\"\" srcset=\"https:\/\/www.dsvamb.cz\/wp-content\/uploads\/2025\/12\/20251212_115831-dvur-1024x473.jpg 1024w, https:\/\/www.dsvamb.cz\/wp-content\/uploads\/2025\/12\/20251212_115831-dvur-300x139.jpg 300w, https:\/\/www.dsvamb.cz\/wp-content\/uploads\/2025\/12\/20251212_115831-dvur-768x355.jpg 768w, https:\/\/www.dsvamb.cz\/wp-content\/uploads\/2025\/12\/20251212_115831-dvur-1536x710.jpg 1536w, https:\/\/www.dsvamb.cz\/wp-content\/uploads\/2025\/12\/20251212_115831-dvur-2048x946.jpg 2048w, https:\/\/www.dsvamb.cz\/wp-content\/uploads\/2025\/12\/20251212_115831-dvur-285x132.jpg 285w, https:\/\/www.dsvamb.cz\/wp-content\/uploads\/2025\/12\/20251212_115831-dvur-1600x739.jpg 1600w, https:\/\/www.dsvamb.cz\/wp-content\/uploads\/2025\/12\/20251212_115831-dvur-660x305.jpg 660w, https:\/\/www.dsvamb.cz\/wp-content\/uploads\/2025\/12\/20251212_115831-dvur-150x69.jpg 150w\" sizes=\"auto, (max-width: 940px) 100vw, 940px\" \/>\t\t\t\t\t\t\t\t\t\t\t\t\t\t\t<\/div>\n\t\t\t\t<\/div>\n\t\t\t\t\t<\/div>\n\t\t<\/div>\n\t\t\t\t\t\t\t<\/div>\n\t\t<\/section>\n\t\t\t\t<section class=\"elementor-section elementor-top-section elementor-element elementor-element-5c83322 elementor-section-boxed elementor-section-height-default elementor-section-height-default\" data-id=\"5c83322\" data-element_type=\"section\">\n\t\t\t\t\t\t<div class=\"elementor-container elementor-column-gap-default\">\n\t\t\t\t\t<div class=\"elementor-column elementor-col-100 elementor-top-column elementor-element elementor-element-6b0ba72\" data-id=\"6b0ba72\" data-element_type=\"column\">\n\t\t\t<div class=\"elementor-widget-wrap\">\n\t\t\t\t\t\t\t\t\t<\/div>\n\t\t<\/div>\n\t\t\t\t\t\t\t<\/div>\n\t\t<\/section>\n\t\t\t\t<section class=\"elementor-section elementor-top-section elementor-element elementor-element-8eeb0d9 elementor-section-boxed elementor-section-height-default elementor-section-height-default\" data-id=\"8eeb0d9\" data-element_type=\"section\">\n\t\t\t\t\t\t<div class=\"elementor-container elementor-column-gap-default\">\n\t\t\t\t\t<div class=\"elementor-column elementor-col-100 elementor-top-column elementor-element elementor-element-a5e3240\" data-id=\"a5e3240\" data-element_type=\"column\">\n\t\t\t<div class=\"elementor-widget-wrap elementor-element-populated\">\n\t\t\t\t\t\t\t\t<div class=\"elementor-element elementor-element-9aeca56 elementor-widget elementor-widget-text-editor\" data-id=\"9aeca56\" data-element_type=\"widget\" data-widget_type=\"text-editor.default\">\n\t\t\t\t<div class=\"elementor-widget-container\">\n\t\t\t\t\t\t\t<p>\u00a0 \u00a0 \u00a0Stavebn\u00ed pr\u00e1ce v\u0161ak je\u0161t\u011b nekon\u010d\u00ed. Od srpna 2025 jsme za\u010dali rekonstrukc\u00ed p\u016fvodn\u00ed budovy Domu sv. Anton\u00edna. Tato budova byla postavena v roce 1936 a v p\u0159\u00ed\u0161t\u00edm roce budeme slavit 90-ti let\u00e9 v\u00fdro\u010d\u00ed. Rekonstrukce bude prob\u00edhat do l\u00e9ta roku 2026. Do zrekonstruovan\u00fdch prostor bude um\u00edst\u011bna nov\u00e1 soci\u00e1ln\u00ed slu\u017eba \u2013 domov se zvl\u00e1\u0161tn\u00edm re\u017eimem (DZR). Tato slu\u017eba je ur\u010dena pro seniory, kte\u0159\u00ed onemocn\u011bli demenc\u00ed nebo Alzheimerovou chorobou.<\/p><p>\u00a0Celkov\u00e9 v\u00fddaje na projekt rekonstrukce \u010din\u00ed 120 mil.K\u010d. Na rekonstrukci jsme z\u00edskali dotaci z programu \u201eN\u00e1rodn\u00ed pl\u00e1n obnovy\u201c MPSV ve v\u00fd\u0161i 80 mil. K\u010d. Na dofinancov\u00e1n\u00ed tohoto projektu je zapot\u0159eb\u00ed je\u0161t\u011b \u010d\u00e1stka ve v\u00fd\u0161i 40 mil. K\u010d. D\u011bkujeme velmi veden\u00ed M\u011bsta Moravsk\u00fdch Bud\u011bjovic a zastupitel\u016fm, kte\u0159\u00ed podpo\u0159ili rekonstrukci schv\u00e1len\u00edm dotace ve v\u00fd\u0161i 5 mil. K\u010d.<\/p><p>\u00a0<\/p><p>\u00a0 \u00a0Pokud byste cht\u011bli finan\u010dn\u011b <strong>podpo\u0159it tento projekt<\/strong>, sv\u016fj dar m\u016f\u017eete zaslat na \u00fa\u010det Domova, <strong>\u010d\u00edslo \u00fa\u010dtu: \u00a011634711\/0100<\/strong>, variabiln\u00ed symbol: 907.<\/p><p>\u00a0 <strong>\u00a0P\u0159edem velice d\u011bkujeme za ka\u017edou finan\u010dn\u00ed podporu \u00a0v\u0161em d\u00e1rc\u016fm z \u0159ad jednotlivc\u016f i firem.<\/strong><\/p><p>\u00a0<\/p><p>\u00a0 \u00a0Jsme si v\u011bdomi, \u017ee rekonstrukce s sebou p\u0159in\u00e1\u0161\u00ed pra\u0161nost a hlu\u010dnost. Pros\u00edme o shov\u00edvavost ob\u010dan\u016f bydl\u00edc\u00edch v bl\u00edzkosti Domova a d\u011bkujeme za pochopen\u00ed. Sna\u017e\u00edme se, aby stavebn\u00ed pr\u00e1ce co nejm\u00e9n\u011b zat\u011b\u017eovaly \u017eivot na\u0161ich spoluob\u010dan\u016f<\/p>\t\t\t\t\t\t<\/div>\n\t\t\t\t<\/div>\n\t\t\t\t\t<\/div>\n\t\t<\/div>\n\t\t\t\t\t\t\t<\/div>\n\t\t<\/section>\n\t\t\t\t\t\t<\/div>\n\t\t\t\t\t<\/div>\n\t\t","protected":false},"excerpt":{"rendered":"<p>Domov se zvl\u00e1\u0161tn\u00edm re\u017eimem Rekonstrukce Domu sv. Anton\u00edna \u00a0 \u00a0 \u00a0 \u00a0 \u00a0 \u00a0 \u00a0 \u00a0 \u00a0 \u00a0&#8230;<\/p>\n","protected":false},"author":1,"featured_media":0,"parent":2610,"menu_order":0,"comment_status":"closed","ping_status":"closed","template":"elementor_header_footer","meta":{"ngg_post_thumbnail":0,"footnotes":""},"class_list":["post-26807","page","type-page","status-publish","hentry"],"_links":{"self":[{"href":"https:\/\/www.dsvamb.cz\/index.php?rest_route=\/wp\/v2\/pages\/26807","targetHints":{"allow":["GET"]}}],"collection":[{"href":"https:\/\/www.dsvamb.cz\/index.php?rest_route=\/wp\/v2\/pages"}],"about":[{"href":"https:\/\/www.dsvamb.cz\/index.php?rest_route=\/wp\/v2\/types\/page"}],"author":[{"embeddable":true,"href":"https:\/\/www.dsvamb.cz\/index.php?rest_route=\/wp\/v2\/users\/1"}],"replies":[{"embeddable":true,"href":"https:\/\/www.dsvamb.cz\/index.php?rest_route=%2Fwp%2Fv2%2Fcomments&post=26807"}],"version-history":[{"count":10,"href":"https:\/\/www.dsvamb.cz\/index.php?rest_route=\/wp\/v2\/pages\/26807\/revisions"}],"predecessor-version":[{"id":26880,"href":"https:\/\/www.dsvamb.cz\/index.php?rest_route=\/wp\/v2\/pages\/26807\/revisions\/26880"}],"up":[{"embeddable":true,"href":"https:\/\/www.dsvamb.cz\/index.php?rest_route=\/wp\/v2\/pages\/2610"}],"wp:attachment":[{"href":"https:\/\/www.dsvamb.cz\/index.php?rest_route=%2Fwp%2Fv2%2Fmedia&parent=26807"}],"curies":[{"name":"wp","href":"https:\/\/api.w.org\/{rel}","templated":true}]}}