{"id":26710,"date":"2025-07-25T15:31:34","date_gmt":"2025-07-25T13:31:34","guid":{"rendered":"https:\/\/www.dsvamb.cz\/?page_id=26710"},"modified":"2025-07-28T07:51:50","modified_gmt":"2025-07-28T05:51:50","slug":"vnitrni-pravidla","status":"publish","type":"page","link":"https:\/\/www.dsvamb.cz\/?page_id=26710","title":{"rendered":"Vnit\u0159n\u00ed pravidla"},"content":{"rendered":"<p>Vnit\u0159n\u00ed pravidla pobytu klient\u016f v Dom\u011b sv. Anton\u00edna platn\u00e1 od 1.6.2025<\/p><div data-wp-interactive=\"core\/file\" class=\"wp-block-file\"><object data-wp-bind--hidden=\"!state.hasPdfPreview\" hidden class=\"wp-block-file__embed\" data=\"https:\/\/www.dsvamb.cz\/wp-content\/uploads\/2025\/07\/Vnitrni-pravidla-od-1.6.2025.pdf\" type=\"application\/pdf\" style=\"width:100%;height:600px\" aria-label=\"Vlo\u017eit z Vnitrni pravidla od 1.6.2025.\"><\/object><a id=\"wp-block-file--media-cfe4fbce-7134-4177-b7f4-7f373420dc63\" href=\"https:\/\/www.dsvamb.cz\/wp-content\/uploads\/2025\/07\/Vnitrni-pravidla-od-1.6.2025.pdf\">Vnitrni pravidla od 1.6.2025<\/a><a href=\"https:\/\/www.dsvamb.cz\/wp-content\/uploads\/2025\/07\/Vnitrni-pravidla-od-1.6.2025.pdf\" class=\"wp-block-file__button wp-element-button\" download aria-describedby=\"wp-block-file--media-cfe4fbce-7134-4177-b7f4-7f373420dc63\">St\u00e1hnout<\/a><\/div>","protected":false},"excerpt":{"rendered":"<p>Vnit\u0159n\u00ed pravidla pobytu klient\u016f v Dom\u011b sv. Anton\u00edna platn\u00e1 od 1.6.2025<\/p>\n","protected":false},"author":1,"featured_media":0,"parent":0,"menu_order":0,"comment_status":"closed","ping_status":"closed","template":"","meta":{"ngg_post_thumbnail":0,"footnotes":""},"class_list":["post-26710","page","type-page","status-publish","hentry"],"_links":{"self":[{"href":"https:\/\/www.dsvamb.cz\/index.php?rest_route=\/wp\/v2\/pages\/26710","targetHints":{"allow":["GET"]}}],"collection":[{"href":"https:\/\/www.dsvamb.cz\/index.php?rest_route=\/wp\/v2\/pages"}],"about":[{"href":"https:\/\/www.dsvamb.cz\/index.php?rest_route=\/wp\/v2\/types\/page"}],"author":[{"embeddable":true,"href":"https:\/\/www.dsvamb.cz\/index.php?rest_route=\/wp\/v2\/users\/1"}],"replies":[{"embeddable":true,"href":"https:\/\/www.dsvamb.cz\/index.php?rest_route=%2Fwp%2Fv2%2Fcomments&post=26710"}],"version-history":[{"count":4,"href":"https:\/\/www.dsvamb.cz\/index.php?rest_route=\/wp\/v2\/pages\/26710\/revisions"}],"predecessor-version":[{"id":26720,"href":"https:\/\/www.dsvamb.cz\/index.php?rest_route=\/wp\/v2\/pages\/26710\/revisions\/26720"}],"wp:attachment":[{"href":"https:\/\/www.dsvamb.cz\/index.php?rest_route=%2Fwp%2Fv2%2Fmedia&parent=26710"}],"curies":[{"name":"wp","href":"https:\/\/api.w.org\/{rel}","templated":true}]}}