{"id":2127,"date":"2022-03-24T11:33:31","date_gmt":"2022-03-24T11:33:31","guid":{"rendered":"https:\/\/dsvamb.sonus.cz\/?page_id=2127"},"modified":"2025-09-19T13:15:03","modified_gmt":"2025-09-19T11:15:03","slug":"soucasnost","status":"publish","type":"page","link":"https:\/\/www.dsvamb.cz\/?page_id=2127","title":{"rendered":"Sou\u010dasnost"},"content":{"rendered":"\t\t<div data-elementor-type=\"wp-page\" data-elementor-id=\"2127\" class=\"elementor elementor-2127\" data-elementor-settings=\"[]\">\n\t\t\t\t\t\t\t<div class=\"elementor-section-wrap\">\n\t\t\t\t\t\t\t<section class=\"elementor-section elementor-top-section elementor-element elementor-element-2f0eff1 elementor-section-boxed elementor-section-height-default elementor-section-height-default\" data-id=\"2f0eff1\" data-element_type=\"section\" data-settings=\"{&quot;background_background&quot;:&quot;classic&quot;}\">\n\t\t\t\t\t\t<div class=\"elementor-container elementor-column-gap-default\">\n\t\t\t\t\t<div class=\"elementor-column elementor-col-100 elementor-top-column elementor-element elementor-element-d3015bc\" data-id=\"d3015bc\" data-element_type=\"column\">\n\t\t\t<div class=\"elementor-widget-wrap elementor-element-populated\">\n\t\t\t\t\t\t\t\t<div class=\"elementor-element elementor-element-d765841 elementor-widget elementor-widget-heading\" data-id=\"d765841\" data-element_type=\"widget\" data-widget_type=\"heading.default\">\n\t\t\t\t<div class=\"elementor-widget-container\">\n\t\t\t<style>\/*! elementor - v3.5.6 - 28-02-2022 *\/\n.elementor-heading-title{padding:0;margin:0;line-height:1}.elementor-widget-heading .elementor-heading-title[class*=elementor-size-]>a{color:inherit;font-size:inherit;line-height:inherit}.elementor-widget-heading .elementor-heading-title.elementor-size-small{font-size:15px}.elementor-widget-heading .elementor-heading-title.elementor-size-medium{font-size:19px}.elementor-widget-heading .elementor-heading-title.elementor-size-large{font-size:29px}.elementor-widget-heading .elementor-heading-title.elementor-size-xl{font-size:39px}.elementor-widget-heading .elementor-heading-title.elementor-size-xxl{font-size:59px}<\/style><h1 class=\"elementor-heading-title elementor-size-default elementor-heading-title elementor-size-default\">Sou\u010dasnost<\/h1>\t\t<\/div>\n\t\t\t\t<\/div>\n\t\t\t\t\t<\/div>\n\t\t<\/div>\n\t\t\t\t\t\t\t<\/div>\n\t\t<\/section>\n\t\t\t\t<section class=\"elementor-section elementor-top-section elementor-element elementor-element-2d014e4 elementor-section-height-min-height elementor-section-boxed elementor-section-height-default elementor-section-items-middle\" data-id=\"2d014e4\" data-element_type=\"section\" data-settings=\"{&quot;background_background&quot;:&quot;classic&quot;}\">\n\t\t\t\t\t\t<div class=\"elementor-container elementor-column-gap-default\">\n\t\t\t\t\t<div class=\"elementor-column elementor-col-100 elementor-top-column elementor-element elementor-element-857ba2f\" data-id=\"857ba2f\" data-element_type=\"column\">\n\t\t\t<div class=\"elementor-widget-wrap elementor-element-populated\">\n\t\t\t\t\t\t\t\t<div class=\"elementor-element elementor-element-eafbe8a elementor-widget elementor-widget-wp-widget-bcn_widget\" data-id=\"eafbe8a\" data-element_type=\"widget\" data-widget_type=\"wp-widget-bcn_widget.default\">\n\t\t\t\t<div class=\"elementor-widget-container\">\n\t\t\t<div class=\"breadcrumbs\" itemscope itemtype=\"https:\/\/schema.org\/BreadcrumbList\"><!-- Breadcrumb NavXT 7.4.1 -->\n<span property=\"itemListElement\" typeof=\"ListItem\"><a property=\"item\" typeof=\"WebPage\" title=\"P\u0159ej\u00edt na dsvamb.cz.\" href=\"https:\/\/www.dsvamb.cz\" class=\"home\" aria-current=\"page\"><span property=\"name\">dsvamb.cz<\/span><\/a><meta property=\"position\" content=\"1\"><\/span><\/div>\t\t<\/div>\n\t\t\t\t<\/div>\n\t\t\t\t\t<\/div>\n\t\t<\/div>\n\t\t\t\t\t\t\t<\/div>\n\t\t<\/section>\n\t\t\t\t<section class=\"elementor-section elementor-top-section elementor-element elementor-element-867cee5 elementor-section-boxed elementor-section-height-default elementor-section-height-default\" data-id=\"867cee5\" data-element_type=\"section\" data-settings=\"{&quot;background_background&quot;:&quot;classic&quot;}\">\n\t\t\t\t\t\t<div class=\"elementor-container elementor-column-gap-default\">\n\t\t\t\t\t<div class=\"elementor-column elementor-col-100 elementor-top-column elementor-element elementor-element-5dd41ab\" data-id=\"5dd41ab\" data-element_type=\"column\">\n\t\t\t<div class=\"elementor-widget-wrap elementor-element-populated\">\n\t\t\t\t\t\t\t\t<div class=\"elementor-element elementor-element-182a330 elementor-widget elementor-widget-text-editor\" data-id=\"182a330\" data-element_type=\"widget\" data-widget_type=\"text-editor.default\">\n\t\t\t\t<div class=\"elementor-widget-container\">\n\t\t\t<style>\/*! elementor - v3.5.6 - 28-02-2022 *\/\n.elementor-widget-text-editor.elementor-drop-cap-view-stacked .elementor-drop-cap{background-color:#818a91;color:#fff}.elementor-widget-text-editor.elementor-drop-cap-view-framed .elementor-drop-cap{color:#818a91;border:3px solid;background-color:transparent}.elementor-widget-text-editor:not(.elementor-drop-cap-view-default) .elementor-drop-cap{margin-top:8px}.elementor-widget-text-editor:not(.elementor-drop-cap-view-default) .elementor-drop-cap-letter{width:1em;height:1em}.elementor-widget-text-editor .elementor-drop-cap{float:left;text-align:center;line-height:1;font-size:50px}.elementor-widget-text-editor .elementor-drop-cap-letter{display:inline-block}<\/style>\t\t\t\t<p><strong><u>P\u0159\u00edstavba Domu sv. Anton\u00edna v&nbsp;Moravsk\u00fdch Bud\u011bjovic\u00edch<\/u><\/strong><\/p>\n<p>V r\u00e1mci projektu dota\u010dn\u00edho titulu z&nbsp;Fondu M\u017dP do\u0161lo k&nbsp;v\u00fdstavb\u011b nov\u00e9ho objektu p\u0159\u00edstavby Domu sv. Anton\u00edna. Jedn\u00e1 se o budovu, kter\u00e1 je vyu\u017eita jako domov pro seniory a zdravotn\u011b posti\u017een\u00e9 ob\u010dany.<\/p>\n<p>Nov\u00fd ubytovac\u00ed pavilon um\u00edst\u011bn ji\u017en\u011b od p\u016fvodn\u00ed budovy Domu sv. Anton\u00edna uprost\u0159ed velk\u00e9 zahrady. N\u00e1vrh propojen\u00ed se st\u00e1vaj\u00edc\u00ed budovou spojovac\u00edm kr\u010dkem je d\u016fle\u017eit\u00fd pro provoz Domova. Budova je navr\u017eena nepravideln\u00e9ho prot\u00e1hl\u00e9ho p\u016fdorysn\u00e9ho tvaru a je situov\u00e1na svoj\u00ed del\u0161\u00ed stranou rovnob\u011b\u017en\u011b s jihoz\u00e1padn\u00edm pr\u016f\u010del\u00edm p\u016fvodn\u00ed budovy Domova. Pavilon je v\u00fd\u0161kov\u011b osazen do st\u00e1vaj\u00edc\u00edho ter\u00e9nu tak, aby byla jednak umo\u017en\u011bna p\u0159\u00edm\u00e1 bezbari\u00e9rov\u00e1 komunikace mezi novostavbou a p\u016fvodn\u00ed budovou Domova a z\u00e1rove\u0148 je umo\u017en\u011bn bezbari\u00e9rov\u00fd p\u0159\u00edstup do objektu z hlavn\u00ed are\u00e1lov\u00e9 komunikace.<\/p>\n<p>Budova je nepodsklepen\u00e1 \u010dty\u0159podla\u017en\u00ed pravo\u00fahl\u00e1 budova s ustupuj\u00edc\u00edm p\u00e1t\u00fdm podla\u017e\u00edm, kter\u00e9 nese plochou st\u0159echou se st\u0159e\u0161n\u00ed n\u00e1stavbou v\u00fdtahov\u00e9 \u0161achty.<\/p>\n<p>Projektem vznikla ultramodern\u00ed ve\u0159ejn\u00e1 budova v pasivn\u00edm energetick\u00e9m standardu. Zdrojem vyt\u00e1p\u011bn\u00ed podlahov\u00e9ho topen\u00ed je 6 tepeln\u00fdch \u010derpadel v&nbsp;hloubce 175 m. \u0158\u00edzen\u00e9 v\u011btr\u00e1n\u00ed zaji\u0161\u0165uje rekupera\u010dn\u00ed centr\u00e1ln\u00ed jednotka. &nbsp;Vyu\u017e\u00edv\u00e1n\u00edm tzv. \u201e\u0161ed\u00e9 vody\u201c na splachov\u00e1n\u00ed \u0161et\u0159\u00edme b\u011b\u017en\u00e9 zdroje vody.<\/p>\n<p>V&nbsp;prvn\u00edm nadzemn\u00edm pat\u0159e je vstupn\u00ed hala, kde bude um\u00edst\u011bna mozaika \u201eUveden\u00ed P\u00e1n\u011b do chr\u00e1mu\u201c, d\u00e1le je zde um\u00edst\u011bna informativn\u00ed interak\u010dn\u00ed tabule \u201eAmos\u201c.<\/p>\n<p>Najdeme zde recepci, sesternu, pokoje s&nbsp;vlastn\u00edm soci\u00e1ln\u00edm z\u00e1zem\u00edm, spole\u010denskou m\u00edstnost a dal\u0161\u00ed z\u00e1zem\u00ed, tak\u00e9 v\u00fdtah, kter\u00fd zaji\u0161\u0165uje vertik\u00e1ln\u00ed bezbari\u00e9rov\u00e9 propojen\u00ed v\u0161ech pater.<\/p>\n<p>Pro obyvatele je v&nbsp;tomto p\u0159\u00edzem\u00ed v\u00fdhodou, \u017ee mohou ze sv\u00e9ho pokoje vej\u00edt p\u0159\u00edmo do zahrady.<\/p>\n<p>Na ka\u017ed\u00e9m dal\u0161\u00edm pat\u0159e jsou um\u00edst\u011bny samostatn\u00e9 pokoje s&nbsp;vlastn\u00ed koupelnou a toaletou, spole\u010densk\u00e1 m\u00edstnost, kter\u00e1 slou\u017e\u00ed z\u00e1rove\u0148 jako j\u00eddelna, denn\u00ed m\u00edstnost sester, sesterna, hygienick\u00e1 m\u00edstnost, sklady a dal\u0161\u00ed z\u00e1zem\u00ed.<\/p>\n<p>V&nbsp;druh\u00e9m a p\u00e1t\u00e9m pat\u0159e je spole\u010dn\u00e1 koupelna s&nbsp;polohovac\u00ed vanou a tak\u00e9 mo\u017enost sprchov\u00e1n\u00ed na sprchov\u00e9m l\u016f\u017eku pro obyvatele, kte\u0159\u00ed maj\u00ed omezenou mo\u017enost pohybu. K&nbsp;dispozici jsou zvedac\u00ed za\u0159\u00edzen\u00ed pro imobiln\u00ed obyvatele.<\/p>\n<p>V&nbsp;t\u0159et\u00edm pat\u0159e je um\u00edst\u011bna rehabilitace.<\/p>\n<p>Ve \u010dtvrt\u00e9m pat\u0159e je um\u00edst\u011bna prozat\u00edmn\u00ed kaple, kde jsou slou\u017eeny \u0159\u00edmskokatolick\u00e9 bohoslu\u017eby.<\/p>\n<p>V&nbsp;druh\u00e9m, t\u0159et\u00edm a \u010dtvrt\u00e9m pat\u0159e jsou u pokoj\u016f balk\u00f3ny, na kter\u00e9 mohou obyvatel\u00e9 vyj\u00edt z&nbsp;pokoje. D\u00e1le na druh\u00e9m a\u017e p\u00e1t\u00e9m pat\u0159e je spole\u010dn\u00e1 terasa, na kterou je mo\u017en\u00e9 vyj\u00edt ze spole\u010densk\u00e9 m\u00edstnosti nebo z&nbsp;chodby. Chodby a dve\u0159e jsou dostate\u010dn\u011b \u0161irok\u00e9, aby bylo p\u0159i z\u00e1jmu obyvatele, kter\u00fd je pln\u011b upout\u00e1n na l\u016f\u017eko, vyjet na spole\u010dnou terasu.<\/p>\n<p><\/p>\n<p>V&nbsp;p\u0159\u00edstavb\u011b je celkem 40 pokoj\u016f, p\u0159ev\u00e1\u017en\u011b dvoul\u016f\u017ekov\u00fdch pro 84 obyvatel.<\/p>\n<p><\/p>\n<p><strong>Vybaven\u00ed pokoj\u016f<\/strong><\/p>\n<p>P\u0159i vstupu do pokoje je um\u00edst\u011bna \u0161atn\u00ed st\u011bna se zrcadlem a vestav\u011bn\u00fd botn\u00edk. Na pokoji jsou d\u00e1le&nbsp;poj\u00edzdn\u00e9 elektricky polohovateln\u00e9 postele s&nbsp;lampi\u010dkou, no\u010dn\u00ed stolky, sk\u0159\u00edn\u011b na o\u0161acen\u00ed s&nbsp;uzamykateln\u00fdm trezorkem, komody, j\u00eddeln\u00ed st\u016fl se \u017eidlemi, televize, n\u00e1st\u011bnn\u00e9 hodiny, dorozum\u00edvac\u00ed komunika\u010dn\u00ed syst\u00e9m, kter\u00fd umo\u017e\u0148uje oboustrannou komunikaci sestra-klient; p\u0159\u00edpadn\u011b stolek k&nbsp;l\u016f\u017eku, jezd\u00edc\u00ed odpo\u010dinkov\u00e9 k\u0159eslo.<\/p>\n<p>Koupelna je bezbari\u00e9rov\u00e1 s&nbsp;posuvn\u00fdmi dve\u0159mi. V koupeln\u011b je um\u00edst\u011bno umyvadlo pro voz\u00ed\u010dk\u00e1\u0159e, zrcadlo, sk\u0159\u00ed\u0148ka na toaletn\u00ed v\u011bci, d\u00e1le toaleta, t\u00e9\u017e pro voz\u00ed\u010dk\u00e1\u0159e, pot\u0159ebn\u00e1 madla, bidetov\u00e1 spr\u0161ka, elektrick\u00fd vyh\u0159\u00edvac\u00ed \u017eeb\u0159\u00edk a vestav\u011bn\u00e1 sk\u0159\u00ed\u0148 na toaletn\u00ed pot\u0159eby. &nbsp;<\/p>\n<p><\/p>\n<p><strong>Spole\u010densk\u00e9 m\u00edstnosti<\/strong><\/p>\n<p>&nbsp;Na ka\u017ed\u00e9m podla\u017e\u00ed je um\u00edst\u011bna m\u00edstnost pro spole\u010dn\u00e9 setk\u00e1v\u00e1n\u00ed a tak\u00e9 slou\u017e\u00ed jako spole\u010dn\u00e1 j\u00eddelna.<\/p>\n<p>Obsahuje kuchy\u0148skou linku, j\u00eddeln\u00ed stoly, \u017eidle, odpo\u010dinkov\u00e1 k\u0159esla a televizi. Ze spole\u010densk\u00e9 m\u00edstnosti je mo\u017en\u00e9 vyj\u00edt p\u0159\u00edmo na spole\u010dnou terasu, kde jsou um\u00edst\u011bny t\u00e9\u017e stoly a \u017eidle.<\/p>\n<p><\/p>\n<p><strong>Technick\u00e9 z\u00e1zem\u00ed<\/strong><\/p>\n<p>D\u016fm provozuje vlastn\u00ed pr\u00e1delnu, \u017eehl\u00edrnu, stravovac\u00ed provoz, \u00fadr\u017ebu a \u00faklid.<\/p>\n<p><\/p>\n<p><strong>Zahrada<\/strong><\/p>\n<p>Velmi je vyu\u017e\u00edv\u00e1na i velk\u00e1 zahrada, kter\u00e1 slou\u017e\u00ed obyvatel\u016fm k&nbsp;rekreaci, proch\u00e1zk\u00e1m a dal\u0161\u00edm aktivit\u00e1m.<\/p>\n<p><\/p>\n<p><strong>Na fas\u00e1d\u011b p\u0159\u00edstavby byl zhotoven obraz z&nbsp;kortenu.<\/strong><\/p>\n<p>Autorem n\u00e1vrhu obrazu je Ing. arch. Ji\u0159\u00ed \u0160\u0165asta, PhD. \u2013 p\u0159ipom\u00ednka ml\u00e1d\u00ed \u2013 d\u011bti z&nbsp;Mate\u0159sk\u00e9 \u0161kolky Jabula &#8211; a st\u00e1\u0159\u00ed \u2013 obyvatel\u00e9 Domu sv. Anton\u00edna.<\/p>\n<p>&nbsp;Hlavn\u00edm motivem nov\u00e9 v\u00fdzdoby fas\u00e1dy domova svat\u00e9ho Anton\u00edna je k\u0159\u00ed\u017e. K\u0159\u00ed\u017e, kter\u00fd prom\u011b\u0148uje, K\u0159\u00ed\u017e, kter\u00fd d\u00e1v\u00e1 \u017eivot.<\/p>\n<p>Utrpen\u00ed, bolesti, starosti o druh\u00e9, kter\u00e9 proch\u00e1zej\u00ed<\/p>\n<p>k\u0159\u00ed\u017eem prom\u011b\u0148uj\u00ed \u017eivot. Z \u0161irok\u00e9 \u0159eky se st\u00e1v\u00e1 pestr\u00e1 \u0159\u00ed\u010dka.<\/p>\n<p>Linie z\u00edsk\u00e1vaj\u00ed v\u011bt\u0161\u00ed hloubku, st\u00e1\u0159\u00ed prohlubuje detail,<\/p>\n<p>hrub\u00e9 z\u00e1kladn\u00ed tvary se zmen\u0161uj\u00ed, ale nab\u00fdvaj\u00ed pestrosti.<\/p>\n<p>To co proch\u00e1z\u00ed s l\u00e1skou k\u0159\u00ed\u017eem, p\u0159ech\u00e1z\u00ed v Kristu do vzk\u0159\u00ed\u0161en\u00ed.<\/p>\n<p>Ml\u00e1d\u00ed se utrpen\u00edm, starostmi a bolest\u00ed prom\u011b\u0148uje&nbsp;<\/p>\n<p>a p\u0159ech\u00e1z\u00ed do st\u00e1\u0159\u00ed. St\u00e1\u0159\u00ed, kter\u00e9 je kr\u00e1sn\u00e9 ve sv\u00e9m detailu a bohatosti.<\/p>\n<p><strong>&nbsp;<\/strong>Nov\u00e1 v\u00fdzdoba fas\u00e1dy je d\u011blan\u00e1 technikou perforovan\u00e9ho plechu. \u010cern\u00e1 podmalba nen\u00e1padn\u011b dopl\u0148uje celkov\u00fd modern\u00ed vzhled domu.<\/p>\t\t\t\t\t\t<\/div>\n\t\t\t\t<\/div>\n\t\t\t\t\t<\/div>\n\t\t<\/div>\n\t\t\t\t\t\t\t<\/div>\n\t\t<\/section>\n\t\t\t\t<section class=\"elementor-section elementor-top-section elementor-element elementor-element-cd5790e elementor-section-boxed elementor-section-height-default elementor-section-height-default\" data-id=\"cd5790e\" data-element_type=\"section\">\n\t\t\t\t\t\t<div class=\"elementor-container elementor-column-gap-default\">\n\t\t\t\t\t<div class=\"elementor-column elementor-col-100 elementor-top-column elementor-element elementor-element-9d6df21\" data-id=\"9d6df21\" data-element_type=\"column\">\n\t\t\t<div class=\"elementor-widget-wrap elementor-element-populated\">\n\t\t\t\t\t\t\t\t<div class=\"elementor-element elementor-element-ca4df0d elementor-align-center elementor-widget elementor-widget-button\" data-id=\"ca4df0d\" data-element_type=\"widget\" data-widget_type=\"button.default\">\n\t\t\t\t<div class=\"elementor-widget-container\">\n\t\t\t\t\t<div class=\"elementor-button-wrapper\">\n\t\t\t<a href=\"https:\/\/www.nadacesesterboromejek.cz\/\" class=\"elementor-button-link elementor-button elementor-size-sm\" role=\"button\">\n\t\t\t\t\t\t<span class=\"elementor-button-content-wrapper\">\n\t\t\t\t\t\t<span class=\"elementor-button-text\">Nadace sester Boromejek<\/span>\n\t\t<\/span>\n\t\t\t\t\t<\/a>\n\t\t<\/div>\n\t\t\t\t<\/div>\n\t\t\t\t<\/div>\n\t\t\t\t\t<\/div>\n\t\t<\/div>\n\t\t\t\t\t\t\t<\/div>\n\t\t<\/section>\n\t\t\t\t\t\t<\/div>\n\t\t\t\t\t<\/div>\n\t\t","protected":false},"excerpt":{"rendered":"<p>Sou\u010dasnost P\u0159\u00edstavba Domu sv. Anton\u00edna v&nbsp;Moravsk\u00fdch Bud\u011bjovic\u00edch V r\u00e1mci projektu dota\u010dn\u00edho titulu z&nbsp;Fondu M\u017dP do\u0161lo k&nbsp;v\u00fdstavb\u011b nov\u00e9ho objektu&#8230;<\/p>\n","protected":false},"author":1,"featured_media":0,"parent":2610,"menu_order":0,"comment_status":"closed","ping_status":"closed","template":"elementor_header_footer","meta":{"ngg_post_thumbnail":0,"footnotes":""},"class_list":["post-2127","page","type-page","status-publish","hentry"],"_links":{"self":[{"href":"https:\/\/www.dsvamb.cz\/index.php?rest_route=\/wp\/v2\/pages\/2127","targetHints":{"allow":["GET"]}}],"collection":[{"href":"https:\/\/www.dsvamb.cz\/index.php?rest_route=\/wp\/v2\/pages"}],"about":[{"href":"https:\/\/www.dsvamb.cz\/index.php?rest_route=\/wp\/v2\/types\/page"}],"author":[{"embeddable":true,"href":"https:\/\/www.dsvamb.cz\/index.php?rest_route=\/wp\/v2\/users\/1"}],"replies":[{"embeddable":true,"href":"https:\/\/www.dsvamb.cz\/index.php?rest_route=%2Fwp%2Fv2%2Fcomments&post=2127"}],"version-history":[{"count":25,"href":"https:\/\/www.dsvamb.cz\/index.php?rest_route=\/wp\/v2\/pages\/2127\/revisions"}],"predecessor-version":[{"id":26756,"href":"https:\/\/www.dsvamb.cz\/index.php?rest_route=\/wp\/v2\/pages\/2127\/revisions\/26756"}],"up":[{"embeddable":true,"href":"https:\/\/www.dsvamb.cz\/index.php?rest_route=\/wp\/v2\/pages\/2610"}],"wp:attachment":[{"href":"https:\/\/www.dsvamb.cz\/index.php?rest_route=%2Fwp%2Fv2%2Fmedia&parent=2127"}],"curies":[{"name":"wp","href":"https:\/\/api.w.org\/{rel}","templated":true}]}}