{"id":2123,"date":"2022-03-24T11:31:11","date_gmt":"2022-03-24T11:31:11","guid":{"rendered":"https:\/\/dsvamb.sonus.cz\/?page_id=2123"},"modified":"2022-05-27T07:55:31","modified_gmt":"2022-05-27T07:55:31","slug":"podminky-pro-prijem","status":"publish","type":"page","link":"https:\/\/www.dsvamb.cz\/?page_id=2123","title":{"rendered":"Podm\u00ednky pro p\u0159\u00edjem"},"content":{"rendered":"\t\t<div data-elementor-type=\"wp-page\" data-elementor-id=\"2123\" class=\"elementor elementor-2123\" data-elementor-settings=\"[]\">\n\t\t\t\t\t\t\t<div class=\"elementor-section-wrap\">\n\t\t\t\t\t\t\t<section class=\"elementor-section elementor-top-section elementor-element elementor-element-2f0eff1 elementor-section-boxed elementor-section-height-default elementor-section-height-default\" data-id=\"2f0eff1\" data-element_type=\"section\" data-settings=\"{&quot;background_background&quot;:&quot;classic&quot;}\">\n\t\t\t\t\t\t<div class=\"elementor-container elementor-column-gap-default\">\n\t\t\t\t\t<div class=\"elementor-column elementor-col-100 elementor-top-column elementor-element elementor-element-d3015bc\" data-id=\"d3015bc\" data-element_type=\"column\">\n\t\t\t<div class=\"elementor-widget-wrap elementor-element-populated\">\n\t\t\t\t\t\t\t\t<div class=\"elementor-element elementor-element-d765841 elementor-widget elementor-widget-heading\" data-id=\"d765841\" data-element_type=\"widget\" data-widget_type=\"heading.default\">\n\t\t\t\t<div class=\"elementor-widget-container\">\n\t\t\t<style>\/*! elementor - v3.5.6 - 28-02-2022 *\/\n.elementor-heading-title{padding:0;margin:0;line-height:1}.elementor-widget-heading .elementor-heading-title[class*=elementor-size-]>a{color:inherit;font-size:inherit;line-height:inherit}.elementor-widget-heading .elementor-heading-title.elementor-size-small{font-size:15px}.elementor-widget-heading .elementor-heading-title.elementor-size-medium{font-size:19px}.elementor-widget-heading .elementor-heading-title.elementor-size-large{font-size:29px}.elementor-widget-heading .elementor-heading-title.elementor-size-xl{font-size:39px}.elementor-widget-heading .elementor-heading-title.elementor-size-xxl{font-size:59px}<\/style><h1 class=\"elementor-heading-title elementor-size-default elementor-heading-title elementor-size-default\">Podm\u00ednky pro p\u0159\u00edjem<\/h1>\t\t<\/div>\n\t\t\t\t<\/div>\n\t\t\t\t\t<\/div>\n\t\t<\/div>\n\t\t\t\t\t\t\t<\/div>\n\t\t<\/section>\n\t\t\t\t<section class=\"elementor-section elementor-top-section elementor-element elementor-element-2d014e4 elementor-section-height-min-height elementor-section-boxed elementor-section-height-default elementor-section-items-middle\" data-id=\"2d014e4\" data-element_type=\"section\" data-settings=\"{&quot;background_background&quot;:&quot;classic&quot;}\">\n\t\t\t\t\t\t<div class=\"elementor-container elementor-column-gap-default\">\n\t\t\t\t\t<div class=\"elementor-column elementor-col-100 elementor-top-column elementor-element elementor-element-857ba2f\" data-id=\"857ba2f\" data-element_type=\"column\">\n\t\t\t<div class=\"elementor-widget-wrap elementor-element-populated\">\n\t\t\t\t\t\t\t\t<div class=\"elementor-element elementor-element-eafbe8a elementor-widget elementor-widget-wp-widget-bcn_widget\" data-id=\"eafbe8a\" data-element_type=\"widget\" data-widget_type=\"wp-widget-bcn_widget.default\">\n\t\t\t\t<div class=\"elementor-widget-container\">\n\t\t\t<div class=\"breadcrumbs\" itemscope itemtype=\"https:\/\/schema.org\/BreadcrumbList\"><!-- Breadcrumb NavXT 7.4.1 -->\n<span property=\"itemListElement\" typeof=\"ListItem\"><a property=\"item\" typeof=\"WebPage\" title=\"P\u0159ej\u00edt na dsvamb.cz.\" href=\"https:\/\/www.dsvamb.cz\" class=\"home\" aria-current=\"page\"><span property=\"name\">dsvamb.cz<\/span><\/a><meta property=\"position\" content=\"1\"><\/span><\/div>\t\t<\/div>\n\t\t\t\t<\/div>\n\t\t\t\t\t<\/div>\n\t\t<\/div>\n\t\t\t\t\t\t\t<\/div>\n\t\t<\/section>\n\t\t\t\t<section class=\"elementor-section elementor-top-section elementor-element elementor-element-867cee5 elementor-section-boxed elementor-section-height-default elementor-section-height-default\" data-id=\"867cee5\" data-element_type=\"section\" data-settings=\"{&quot;background_background&quot;:&quot;classic&quot;}\">\n\t\t\t\t\t\t<div class=\"elementor-container elementor-column-gap-default\">\n\t\t\t\t\t<div class=\"elementor-column elementor-col-100 elementor-top-column elementor-element elementor-element-e2a89dc\" data-id=\"e2a89dc\" data-element_type=\"column\">\n\t\t\t<div class=\"elementor-widget-wrap elementor-element-populated\">\n\t\t\t\t\t\t\t\t<div class=\"elementor-element elementor-element-f3b76d7 elementor-widget elementor-widget-text-editor\" data-id=\"f3b76d7\" data-element_type=\"widget\" data-widget_type=\"text-editor.default\">\n\t\t\t\t<div class=\"elementor-widget-container\">\n\t\t\t<style>\/*! elementor - v3.5.6 - 28-02-2022 *\/\n.elementor-widget-text-editor.elementor-drop-cap-view-stacked .elementor-drop-cap{background-color:#818a91;color:#fff}.elementor-widget-text-editor.elementor-drop-cap-view-framed .elementor-drop-cap{color:#818a91;border:3px solid;background-color:transparent}.elementor-widget-text-editor:not(.elementor-drop-cap-view-default) .elementor-drop-cap{margin-top:8px}.elementor-widget-text-editor:not(.elementor-drop-cap-view-default) .elementor-drop-cap-letter{width:1em;height:1em}.elementor-widget-text-editor .elementor-drop-cap{float:left;text-align:center;line-height:1;font-size:50px}.elementor-widget-text-editor .elementor-drop-cap-letter{display:inline-block}<\/style>\t\t\t\t<ul><li style=\"color: #4f4f4f; font-size: 18px;\">vlastn\u00ed rozhodnut\u00ed a souhlas pro \u017eivot v tomto za\u0159\u00edzen\u00ed<\/li><li style=\"color: #4f4f4f; font-size: 18px;\">\u0159\u00e1dn\u011b vypln\u011bn\u00e1 \u017e\u00e1dost o p\u0159ijet\u00ed<\/li><li style=\"color: #4f4f4f; font-size: 18px;\">starobn\u00ed nebo invalidn\u00ed d\u016fchod\u00a0<\/li><li style=\"color: #4f4f4f; font-size: 18px;\">dal\u0161\u00ed skute\u010dnosti hodn\u00e9 z\u0159etele (viz c\u00edlov\u00e1 skupina)<\/li><li style=\"color: #4f4f4f; font-size: 18px;\">uzav\u0159en\u00e1 Smlouva o poskytnut\u00ed slu\u017eby soci\u00e1ln\u00ed p\u00e9\u010de<\/li><\/ul><p style=\"color: #4f4f4f; font-size: 18px;\"><strong>Obecn\u00fdm pravidlem pro odsouhlasen\u00ed p\u0159ijet\u00ed je vyj\u00e1d\u0159en\u00ed p\u0159ij\u00edmac\u00ed komise ve slo\u017een\u00ed:<\/strong>\u00a0<\/p><p style=\"color: #4f4f4f; font-size: 18px;\">\u0159editel, soci\u00e1ln\u00ed pracovn\u00edk, vedouc\u00ed p\u0159\u00edm\u00e9 obslu\u017en\u00e9 p\u00e9\u010de, z\u00e1stupce Kongregace SCB. \u0158\u00edd\u00ed se po\u0159adn\u00edkem \u017e\u00e1dost\u00ed, soci\u00e1ln\u00ed pot\u0159ebnost\u00ed a uvoln\u011bn\u00fdm m\u00edstem v Domov\u011b<\/p>\t\t\t\t\t\t<\/div>\n\t\t\t\t<\/div>\n\t\t\t\t<div class=\"elementor-element elementor-element-d0f6370 elementor-widget elementor-widget-heading\" data-id=\"d0f6370\" data-element_type=\"widget\" data-widget_type=\"heading.default\">\n\t\t\t\t<div class=\"elementor-widget-container\">\n\t\t\t<h3 class=\"elementor-heading-title elementor-size-small elementor-heading-title elementor-size-small\"><p>P\u0159ek\u00e1\u017eky p\u0159\u00edjmu<span style=\"float: none\"><\/span><\/p><\/h3>\t\t<\/div>\n\t\t\t\t<\/div>\n\t\t\t\t<div class=\"elementor-element elementor-element-41527a9 elementor-widget elementor-widget-text-editor\" data-id=\"41527a9\" data-element_type=\"widget\" data-widget_type=\"text-editor.default\">\n\t\t\t\t<div class=\"elementor-widget-container\">\n\t\t\t\t\t\t\t<ul>\n<li>infek\u010dn\u00ed a parazit\u00e1rn\u00ed choroby<\/li>\n<li>demence vy\u017eaduj\u00edc\u00ed um\u00edst\u011bn\u00ed v soci\u00e1ln\u00edm za\u0159\u00edzen\u00ed se slu\u017ebou ,,domov se zvl\u00e1\u0161tn\u00edm re\u017eimem&#8221;&nbsp;<\/li>\n<li>tuberkul\u00f3za v akutn\u00edm st\u00e1diu<\/li>\n<li>psych\u00f3zy a psychick\u00e9 poruchy, kter\u00e9 ohro\u017euj\u00ed ostatn\u00ed klienty<\/li>\n<li>alkoholismus a toxikom\u00e1nie<\/li>\n<li>zdravotn\u00ed stav, kter\u00fd vy\u017eaduje akutn\u00ed nemocni\u010dn\u00ed p\u00e9\u010di<\/li>\n<li>vlastnosti, kter\u00e9 by z\u00e1va\u017en\u011b naru\u0161ovaly kolektivn\u00ed sou\u017eit\u00ed<\/li>\n<\/ul>\t\t\t\t\t\t<\/div>\n\t\t\t\t<\/div>\n\t\t\t\t\t<\/div>\n\t\t<\/div>\n\t\t\t\t\t\t\t<\/div>\n\t\t<\/section>\n\t\t\t\t\t\t<\/div>\n\t\t\t\t\t<\/div>\n\t\t","protected":false},"excerpt":{"rendered":"<p>Podm\u00ednky pro p\u0159\u00edjem vlastn\u00ed rozhodnut\u00ed a souhlas pro \u017eivot v tomto za\u0159\u00edzen\u00ed \u0159\u00e1dn\u011b vypln\u011bn\u00e1 \u017e\u00e1dost o p\u0159ijet\u00ed starobn\u00ed&#8230;<\/p>\n","protected":false},"author":1,"featured_media":0,"parent":2610,"menu_order":0,"comment_status":"closed","ping_status":"closed","template":"elementor_header_footer","meta":{"ngg_post_thumbnail":0,"footnotes":""},"class_list":["post-2123","page","type-page","status-publish","hentry"],"_links":{"self":[{"href":"https:\/\/www.dsvamb.cz\/index.php?rest_route=\/wp\/v2\/pages\/2123","targetHints":{"allow":["GET"]}}],"collection":[{"href":"https:\/\/www.dsvamb.cz\/index.php?rest_route=\/wp\/v2\/pages"}],"about":[{"href":"https:\/\/www.dsvamb.cz\/index.php?rest_route=\/wp\/v2\/types\/page"}],"author":[{"embeddable":true,"href":"https:\/\/www.dsvamb.cz\/index.php?rest_route=\/wp\/v2\/users\/1"}],"replies":[{"embeddable":true,"href":"https:\/\/www.dsvamb.cz\/index.php?rest_route=%2Fwp%2Fv2%2Fcomments&post=2123"}],"version-history":[{"count":22,"href":"https:\/\/www.dsvamb.cz\/index.php?rest_route=\/wp\/v2\/pages\/2123\/revisions"}],"predecessor-version":[{"id":2875,"href":"https:\/\/www.dsvamb.cz\/index.php?rest_route=\/wp\/v2\/pages\/2123\/revisions\/2875"}],"up":[{"embeddable":true,"href":"https:\/\/www.dsvamb.cz\/index.php?rest_route=\/wp\/v2\/pages\/2610"}],"wp:attachment":[{"href":"https:\/\/www.dsvamb.cz\/index.php?rest_route=%2Fwp%2Fv2%2Fmedia&parent=2123"}],"curies":[{"name":"wp","href":"https:\/\/api.w.org\/{rel}","templated":true}]}}