{"id":2115,"date":"2022-03-24T11:22:31","date_gmt":"2022-03-24T11:22:31","guid":{"rendered":"https:\/\/dsvamb.sonus.cz\/?page_id=2115"},"modified":"2026-04-30T09:58:00","modified_gmt":"2026-04-30T07:58:00","slug":"cenik-sluzeb","status":"publish","type":"page","link":"https:\/\/www.dsvamb.cz\/?page_id=2115","title":{"rendered":"Cen\u00edk slu\u017eeb"},"content":{"rendered":"\t\t<div data-elementor-type=\"wp-page\" data-elementor-id=\"2115\" class=\"elementor elementor-2115\" data-elementor-settings=\"[]\">\n\t\t\t\t\t\t\t<div class=\"elementor-section-wrap\">\n\t\t\t\t\t\t\t<section class=\"elementor-section elementor-top-section elementor-element elementor-element-2f0eff1 elementor-section-boxed elementor-section-height-default elementor-section-height-default\" data-id=\"2f0eff1\" data-element_type=\"section\" data-settings=\"{&quot;background_background&quot;:&quot;classic&quot;}\">\n\t\t\t\t\t\t<div class=\"elementor-container elementor-column-gap-default\">\n\t\t\t\t\t<div class=\"elementor-column elementor-col-100 elementor-top-column elementor-element elementor-element-d3015bc\" data-id=\"d3015bc\" data-element_type=\"column\">\n\t\t\t<div class=\"elementor-widget-wrap elementor-element-populated\">\n\t\t\t\t\t\t\t\t<div class=\"elementor-element elementor-element-d765841 elementor-widget elementor-widget-heading\" data-id=\"d765841\" data-element_type=\"widget\" data-widget_type=\"heading.default\">\n\t\t\t\t<div class=\"elementor-widget-container\">\n\t\t\t<style>\/*! elementor - v3.5.6 - 28-02-2022 *\/\n.elementor-heading-title{padding:0;margin:0;line-height:1}.elementor-widget-heading .elementor-heading-title[class*=elementor-size-]>a{color:inherit;font-size:inherit;line-height:inherit}.elementor-widget-heading .elementor-heading-title.elementor-size-small{font-size:15px}.elementor-widget-heading .elementor-heading-title.elementor-size-medium{font-size:19px}.elementor-widget-heading .elementor-heading-title.elementor-size-large{font-size:29px}.elementor-widget-heading .elementor-heading-title.elementor-size-xl{font-size:39px}.elementor-widget-heading .elementor-heading-title.elementor-size-xxl{font-size:59px}<\/style><h1 class=\"elementor-heading-title elementor-size-default elementor-heading-title elementor-size-default\">Cen\u00edk slu\u017eeb<\/h1>\t\t<\/div>\n\t\t\t\t<\/div>\n\t\t\t\t\t<\/div>\n\t\t<\/div>\n\t\t\t\t\t\t\t<\/div>\n\t\t<\/section>\n\t\t\t\t<section class=\"elementor-section elementor-top-section elementor-element elementor-element-867cee5 elementor-section-boxed elementor-section-height-default elementor-section-height-default\" data-id=\"867cee5\" data-element_type=\"section\" data-settings=\"{&quot;background_background&quot;:&quot;classic&quot;}\">\n\t\t\t\t\t\t<div class=\"elementor-container elementor-column-gap-default\">\n\t\t\t\t\t<div class=\"elementor-column elementor-col-100 elementor-top-column elementor-element elementor-element-e2a89dc\" data-id=\"e2a89dc\" data-element_type=\"column\">\n\t\t\t<div class=\"elementor-widget-wrap elementor-element-populated\">\n\t\t\t\t\t\t\t\t<div class=\"elementor-element elementor-element-b683f03 elementor-widget elementor-widget-heading\" data-id=\"b683f03\" data-element_type=\"widget\" data-widget_type=\"heading.default\">\n\t\t\t\t<div class=\"elementor-widget-container\">\n\t\t\t<h3 class=\"elementor-heading-title elementor-size-small elementor-heading-title elementor-size-small elementor-align-after-center\"><p>Cen\u00edk poskytovan\u00fdch soci\u00e1ln\u00edch slu\u017eeb<span style=\"float: none\"><\/span><\/p>domov pro seniory<br>\u00fa\u010dinnost od 1. 5. 2026<\/h3>\t\t<\/div>\n\t\t\t\t<\/div>\n\t\t\t\t<div class=\"elementor-element elementor-element-1264435 elementor-widget elementor-widget-text-editor\" data-id=\"1264435\" data-element_type=\"widget\" data-widget_type=\"text-editor.default\">\n\t\t\t\t<div class=\"elementor-widget-container\">\n\t\t\t<style>\/*! elementor - v3.5.6 - 28-02-2022 *\/\n.elementor-widget-text-editor.elementor-drop-cap-view-stacked .elementor-drop-cap{background-color:#818a91;color:#fff}.elementor-widget-text-editor.elementor-drop-cap-view-framed .elementor-drop-cap{color:#818a91;border:3px solid;background-color:transparent}.elementor-widget-text-editor:not(.elementor-drop-cap-view-default) .elementor-drop-cap{margin-top:8px}.elementor-widget-text-editor:not(.elementor-drop-cap-view-default) .elementor-drop-cap-letter{width:1em;height:1em}.elementor-widget-text-editor .elementor-drop-cap{float:left;text-align:center;line-height:1;font-size:50px}.elementor-widget-text-editor .elementor-drop-cap-letter{display:inline-block}<\/style>\t\t\t\t<p>V\u00fd\u0161e \u00fahrady za poskytovanou pobytovou slu\u017ebu je stanovena v souladu se z\u00e1konem \u010d. 108\/2006 Sb., o soci\u00e1ln\u00edch slu\u017eb\u00e1ch, ve zn\u011bn\u00ed pozd\u011bj\u0161\u00edch z\u00e1kon\u016f a s vyhl\u00e1\u0161kou \u010d. 505\/2006 Sb., kterou se prov\u00e1d\u011bj\u00ed n\u011bkter\u00e1 ustanoven\u00ed z\u00e1kona o soci\u00e1ln\u00edch slu\u017eb\u00e1ch, ve zn\u011bn\u00ed pozd\u011bj\u0161\u00edch z\u00e1kon\u016f.<\/p>\t\t\t\t\t\t<\/div>\n\t\t\t\t<\/div>\n\t\t\t\t<div class=\"elementor-element elementor-element-a7daae7 elementor-widget elementor-widget-eael-advanced-data-table\" data-id=\"a7daae7\" data-element_type=\"widget\" data-widget_type=\"eael-advanced-data-table.default\">\n\t\t\t\t<div class=\"elementor-widget-container\">\n\t\t\t<div class=\"ea-advanced-data-table-wrap\" data-id=\"a7daae7\"><div class=\"ea-advanced-data-table-wrap-inner\">\n                <table class=\"ea-advanced-data-table ea-advanced-data-table-static ea-advanced-data-table-a7daae7\" data-id=\"a7daae7\"><thead><tr><th style=\"width: 919px;\"><p><br><\/p><\/th><th><p>Cena<\/p><p> <\/p><\/th><\/tr><\/thead><tbody><tr><td><p><strong>\u00dahrada za stravu:<\/strong><\/p><p>      <\/p><p>     <\/p><\/td><td><p><br><\/p><\/td><\/tr><tr><td><p>Celodenn\u00ed stravov\u00e1n\u00ed<\/p><p> <\/p><\/td><td><p>290,00 K\u010d\/den<\/p><p><br><\/p><\/td><\/tr><tr><td><p><strong>\u00dahrada za ubytov\u00e1n\u00ed (zahrnuje tak\u00e9 ostatn\u00ed slu\u017eby - \u00faklid, pran\u00ed, \u017eehlen\u00ed):<\/strong><\/p><p> <\/p><\/td><td><p><br><\/p><\/td><\/tr><tr><td><p>jednol\u016f\u017ekov\u00fd a dvoul\u016f\u017ekov\u00fd pokoj se soci\u00e1ln\u00edm za\u0159\u00edzen\u00edm<\/p><p>      <\/p><p>     <\/p><\/td><td><p>335,00 K\u010d\/den<\/p><p><br><\/p><\/td><\/tr><tr><td><p>t\u0159\u00edl\u016f\u017ekov\u00fd pokoj se soci\u00e1ln\u00edm za\u0159\u00edzen\u00edm<\/p><\/td><td><p>325,00 K\u010d\/den<\/p><p><br><\/p><\/td><\/tr><\/tbody><\/table>\n            <\/div><\/div>\t\t<\/div>\n\t\t\t\t<\/div>\n\t\t\t\t<div class=\"elementor-element elementor-element-2d09b2e elementor-widget elementor-widget-eael-advanced-data-table\" data-id=\"2d09b2e\" data-element_type=\"widget\" data-widget_type=\"eael-advanced-data-table.default\">\n\t\t\t\t<div class=\"elementor-widget-container\">\n\t\t\t<div class=\"ea-advanced-data-table-wrap\" data-id=\"2d09b2e\"><div class=\"ea-advanced-data-table-wrap-inner\">\n                <table class=\"ea-advanced-data-table ea-advanced-data-table-static ea-advanced-data-table-2d09b2e\" data-id=\"2d09b2e\"><thead><tr><th style=\"width: 872px;\"><p>Celkem \u00fahrada za 1 den:<\/p><\/th><th><p>Cena<\/p><\/th><\/tr><\/thead><tbody><tr><td><p>Jednol\u016f\u017ekov\u00fd a dvoul\u016f\u017ekov\u00fd pokoj se soci\u00e1ln\u00edm za\u0159\u00edzen\u00edm<\/p><\/td><td><p>625,00 K\u010d\/den<\/p><\/td><\/tr><tr><td><p>T\u0159\u00edl\u016f\u017ekov\u00fd pokoj se soci\u00e1ln\u00edm za\u0159\u00edzen\u00edm<\/p><\/td><td><p>615,00 K\u010d\/den<\/p><\/td><\/tr><\/tbody><\/table>\n            <\/div><\/div>\t\t<\/div>\n\t\t\t\t<\/div>\n\t\t\t\t<div class=\"elementor-element elementor-element-47a70bf elementor-widget elementor-widget-eael-advanced-data-table\" data-id=\"47a70bf\" data-element_type=\"widget\" data-widget_type=\"eael-advanced-data-table.default\">\n\t\t\t\t<div class=\"elementor-widget-container\">\n\t\t\t<div class=\"ea-advanced-data-table-wrap\" data-id=\"47a70bf\"><div class=\"ea-advanced-data-table-wrap-inner\">\n                <table class=\"ea-advanced-data-table ea-advanced-data-table-static ea-advanced-data-table-47a70bf\" data-id=\"47a70bf\"><thead><tr><th><p>Celkem \u00fahrada za m\u011bs\u00edc<\/p><\/th><th><p>28 dn\u016f<\/p><\/th><th><p>29 dn\u016f<\/p><\/th><th><p>30 dn\u016f<\/p><\/th><th><p>31 dn\u016f<\/p><\/th><\/tr><\/thead><tbody><tr><td><p>Jednol\u016f\u017ekov\u00fd a dvoul\u016f\u017ekov\u00fd pokoj se soci\u00e1ln\u00edm za\u0159\u00edzen\u00edm<\/p><\/td><td><p>17.500,- K\u010d<\/p><\/td><td><p>18.125,- K\u010d<\/p><\/td><td><p>18.750,- K\u010d<\/p><\/td><td><p>19.375,- K\u010d<\/p><\/td><\/tr><tr><td><p>T\u0159\u00edl\u016f\u017ekov\u00fd pokoj se soci\u00e1ln\u00edm za\u0159\u00edzen\u00edm<\/p><\/td><td><p>17.220,- K\u010d<\/p><\/td><td><p>17.835,- K\u010d<\/p><\/td><td><p>18.450,- K\u010d<\/p><\/td><td><p>19.065,- K\u010d<\/p><\/td><\/tr><tr><td><p>Vratka za stravu za 1 den nep\u0159\u00edtomnosti: 111,-K\u010d<\/p><\/td><td><\/td><td><\/td><td><p><br><\/p><\/td><td><p><br><\/p><\/td><\/tr><\/tbody><\/table>\n            <\/div><\/div>\t\t<\/div>\n\t\t\t\t<\/div>\n\t\t\t\t<div class=\"elementor-element elementor-element-73e2e28 elementor-widget elementor-widget-text-editor\" data-id=\"73e2e28\" data-element_type=\"widget\" data-widget_type=\"text-editor.default\">\n\t\t\t\t<div class=\"elementor-widget-container\">\n\t\t\t\t\t\t\t<h3 class=\"elementor-heading-title elementor-size-small elementor-inline-editing pen\" style=\"line-height: 42px; font-family: Poppins, sans-serif; color: #363077; font-size: 28px;\" data-elementor-setting-key=\"title\" data-pen-placeholder=\"Pi\u0161te zde...\">Fakultativn\u00ed slu\u017eby<\/h3>\t\t\t\t\t\t<\/div>\n\t\t\t\t<\/div>\n\t\t\t\t<div class=\"elementor-element elementor-element-022ab9f elementor-widget elementor-widget-text-editor\" data-id=\"022ab9f\" data-element_type=\"widget\" data-widget_type=\"text-editor.default\">\n\t\t\t\t<div class=\"elementor-widget-container\">\n\t\t\t\t\t\t\t<p><span style=\"color: #4f4f4f;\"><span style=\"font-size: 18px;\">sestaveno v souladu se z\u00e1konem \u010d. 108\/2006 Sb., o soci\u00e1ln\u00edch slu\u017eb\u00e1ch, ve zn\u011bn\u00ed pozd\u011bj\u0161\u00edch p\u0159edpis\u016f.<\/span><\/span><\/p>\t\t\t\t\t\t<\/div>\n\t\t\t\t<\/div>\n\t\t\t\t<div class=\"elementor-element elementor-element-8f0e157 elementor-widget elementor-widget-eael-advanced-data-table\" data-id=\"8f0e157\" data-element_type=\"widget\" data-widget_type=\"eael-advanced-data-table.default\">\n\t\t\t\t<div class=\"elementor-widget-container\">\n\t\t\t<div class=\"ea-advanced-data-table-wrap\" data-id=\"8f0e157\"><div class=\"ea-advanced-data-table-wrap-inner\">\n                <table class=\"ea-advanced-data-table ea-advanced-data-table-static ea-advanced-data-table-8f0e157\" data-id=\"8f0e157\"><thead><tr><th><p>Slu\u017eby pro klienty<\/p><\/th><th><p>po\u010det\/jednotka<\/p><\/th><th>K\u010d<\/th><\/tr><\/thead><tbody><tr><td><p>Internet<\/p><\/td><td><p>m\u011bs\u00ed\u010dn\u011b<\/p><\/td><td><p>  20,-<\/p><\/td><\/tr><tr><td><p>WIFI<\/p><\/td><td><p>m\u011bs\u00ed\u010dn\u011b<\/p><\/td><td><p>zdarma<\/p><\/td><\/tr><tr><td><p>Lednice na pokoji<\/p><\/td><td><p>m\u011bs\u00ed\u010dn\u011b<\/p><\/td><td><p>70,-<\/p><\/td><\/tr><tr><td><p><br><\/p><\/td><td><p><br><\/p><\/td><td><p><br><\/p><\/td><\/tr><tr><td><p><br><\/p><\/td><td><p><br><\/p><\/td><td><p><br><\/p><\/td><\/tr><tr><td><p><br><\/p><\/td><td><p><br><\/p><\/td><td><p><br><\/p><\/td><\/tr><tr><td><p><br><\/p><\/td><td><p><br><\/p><\/td><td><p><br><\/p><\/td><\/tr><tr><td><p><br><\/p><\/td><td><p><br><\/p><\/td><td><p><br><\/p><\/td><\/tr><tr><td><p><br><\/p><\/td><td><p><br><\/p><\/td><td><p><br><\/p><\/td><\/tr><tr><td><p><br><\/p><p><br><\/p><p><br><\/p><\/td><td><p><br><\/p><p><br><\/p><p><br><\/p><\/td><td><p><br><\/p><\/td><\/tr><tr><td><p><br><\/p><\/td><td><p><br><\/p><\/td><td><p><br><\/p><\/td><\/tr><\/tbody><\/table>\n            <\/div><\/div>\t\t<\/div>\n\t\t\t\t<\/div>\n\t\t\t\t<div class=\"elementor-element elementor-element-424c93d elementor-widget elementor-widget-text-editor\" data-id=\"424c93d\" data-element_type=\"widget\" data-widget_type=\"text-editor.default\">\n\t\t\t\t<div class=\"elementor-widget-container\">\n\t\t\t\t\t\t\t<h3 class=\"elementor-heading-title elementor-size-small elementor-inline-editing pen\" style=\"line-height: 42px; font-family: Poppins, sans-serif; color: #363077; font-size: 28px;\" data-elementor-setting-key=\"title\" data-pen-placeholder=\"Pi\u0161te zde...\">P\u016fj\u010dovna kompenza\u010dn\u00edch pom\u016fcek<\/h3>\t\t\t\t\t\t<\/div>\n\t\t\t\t<\/div>\n\t\t\t\t<div class=\"elementor-element elementor-element-ea56df8 elementor-widget elementor-widget-text-editor\" data-id=\"ea56df8\" data-element_type=\"widget\" data-widget_type=\"text-editor.default\">\n\t\t\t\t<div class=\"elementor-widget-container\">\n\t\t\t\t\t\t\t<p>Kompenza\u010dn\u00ed pom\u016fcky pro obyvatele DSVA jsou k dispozici bezplatn\u011b dle pot\u0159eby, a to nejm\u00e9n\u011b do doby vy\u0159\u00edzen\u00ed z\u00e1p\u016fj\u010dky kompenza\u010dn\u00ed pom\u016fcky na doporu\u010den\u00ed odborn\u00e9ho l\u00e9ka\u0159e od p\u0159\u00edslu\u0161n\u00e9 zdravotn\u00ed poji\u0161\u0165ovny (jedn\u00e1 se v\u011bt\u0161inou o mechanick\u00fd voz\u00edk \u010di chod\u00edtko).<\/p><p><strong>D\u016fm svat\u00e9ho Anton\u00edna vlastn\u00ed dal\u0161\u00ed kompenza\u010dn\u00ed pom\u016fcky, kter\u00e9 je mo\u017eno zap\u016fj\u010dit dom\u016f dle tohoto cen\u00edku:<\/strong><\/p>\t\t\t\t\t\t<\/div>\n\t\t\t\t<\/div>\n\t\t\t\t<div class=\"elementor-element elementor-element-df50da0 elementor-widget elementor-widget-eael-advanced-data-table\" data-id=\"df50da0\" data-element_type=\"widget\" data-widget_type=\"eael-advanced-data-table.default\">\n\t\t\t\t<div class=\"elementor-widget-container\">\n\t\t\t<div class=\"ea-advanced-data-table-wrap\" data-id=\"df50da0\"><div class=\"ea-advanced-data-table-wrap-inner\">\n                <table class=\"ea-advanced-data-table ea-advanced-data-table-static ea-advanced-data-table-df50da0\" data-id=\"df50da0\"><thead><tr><th>Pom\u016fcka<\/th><th>Cena<\/th><\/tr><\/thead><tbody><tr><td>Chod\u00edtko \u010dty\u0159kolov\u00e9<\/td><td>200,- K\u010d\/ m\u011bs\u00edc<\/td><\/tr><tr><td>Chod\u00edtko \u010dty\u0159bodov\u00e9<\/td><td>150,- K\u010d\/ m\u011bs\u00edc<\/td><\/tr><tr><td>Invalidn\u00ed voz\u00edk<\/td><td><p>350,- K\u010d\/ m\u011bs\u00edc<\/p><\/td><\/tr><tr><td>Polohovac\u00ed l\u016f\u017eko elektrick\u00e9<\/td><td>500,- K\u010d\/ m\u011bs\u00edc<\/td><\/tr><tr><td>Polohovac\u00ed l\u016f\u017eko mechanick\u00e9<\/td><td>200,- K\u010d\/ m\u011bs\u00edc<\/td><\/tr><tr><td>Toaletn\u00ed k\u0159eslo (WC k\u0159eslo)<\/td><td>200,- K\u010d\/ m\u011bs\u00edc<\/td><\/tr><\/tbody><\/table>\n            <\/div><\/div>\t\t<\/div>\n\t\t\t\t<\/div>\n\t\t\t\t<div class=\"elementor-element elementor-element-acdc16a elementor-widget elementor-widget-text-editor\" data-id=\"acdc16a\" data-element_type=\"widget\" data-widget_type=\"text-editor.default\">\n\t\t\t\t<div class=\"elementor-widget-container\">\n\t\t\t\t\t\t\t<p><span style=\"color: #333333; font-family: Arial, Helvetica, sans-serif;\"><span style=\"font-size: 14px;\">Z\u00e1jemci o p\u016fj\u010den\u00ed kompenza\u010dn\u00ed pom\u016fcky se mohou obr\u00e1tit na vedouc\u00edho technick\u00e9ho \u00faseku pana Zdenka Kope\u010dka, tel. 702 015 942. Zde v\u00e1m budou poskytnuty pot\u0159ebn\u00e9 informace a pom\u016fcka zap\u016fj\u010dena.\u00a0<\/span><\/span><\/p><p><span style=\"color: #333333; font-family: Arial, Helvetica, sans-serif;\"><span style=\"font-size: 14px;\">Platnost od: 1. 2. 2026<\/span><\/span><\/p>\t\t\t\t\t\t<\/div>\n\t\t\t\t<\/div>\n\t\t\t\t\t<\/div>\n\t\t<\/div>\n\t\t\t\t\t\t\t<\/div>\n\t\t<\/section>\n\t\t\t\t\t\t<\/div>\n\t\t\t\t\t<\/div>\n\t\t","protected":false},"excerpt":{"rendered":"<p>Cen\u00edk slu\u017eeb Cen\u00edk poskytovan\u00fdch soci\u00e1ln\u00edch slu\u017eeb domov pro seniory\u00fa\u010dinnost od 1. 5. 2026 V\u00fd\u0161e \u00fahrady za poskytovanou pobytovou&#8230;<\/p>\n","protected":false},"author":1,"featured_media":0,"parent":2610,"menu_order":0,"comment_status":"closed","ping_status":"closed","template":"elementor_header_footer","meta":{"ngg_post_thumbnail":0,"footnotes":""},"class_list":["post-2115","page","type-page","status-publish","hentry"],"_links":{"self":[{"href":"https:\/\/www.dsvamb.cz\/index.php?rest_route=\/wp\/v2\/pages\/2115","targetHints":{"allow":["GET"]}}],"collection":[{"href":"https:\/\/www.dsvamb.cz\/index.php?rest_route=\/wp\/v2\/pages"}],"about":[{"href":"https:\/\/www.dsvamb.cz\/index.php?rest_route=\/wp\/v2\/types\/page"}],"author":[{"embeddable":true,"href":"https:\/\/www.dsvamb.cz\/index.php?rest_route=\/wp\/v2\/users\/1"}],"replies":[{"embeddable":true,"href":"https:\/\/www.dsvamb.cz\/index.php?rest_route=%2Fwp%2Fv2%2Fcomments&post=2115"}],"version-history":[{"count":196,"href":"https:\/\/www.dsvamb.cz\/index.php?rest_route=\/wp\/v2\/pages\/2115\/revisions"}],"predecessor-version":[{"id":27106,"href":"https:\/\/www.dsvamb.cz\/index.php?rest_route=\/wp\/v2\/pages\/2115\/revisions\/27106"}],"up":[{"embeddable":true,"href":"https:\/\/www.dsvamb.cz\/index.php?rest_route=\/wp\/v2\/pages\/2610"}],"wp:attachment":[{"href":"https:\/\/www.dsvamb.cz\/index.php?rest_route=%2Fwp%2Fv2%2Fmedia&parent=2115"}],"curies":[{"name":"wp","href":"https:\/\/api.w.org\/{rel}","templated":true}]}}