{"id":2019,"date":"2022-03-21T12:27:23","date_gmt":"2022-03-21T12:27:23","guid":{"rendered":"https:\/\/dsvamb.sonus.cz\/?page_id=2019"},"modified":"2022-04-20T08:18:12","modified_gmt":"2022-04-20T08:18:12","slug":"obecne-udaje","status":"publish","type":"page","link":"https:\/\/www.dsvamb.cz\/?page_id=2019","title":{"rendered":"Obecn\u00e9 \u00fadaje"},"content":{"rendered":"\t\t<div data-elementor-type=\"wp-page\" data-elementor-id=\"2019\" class=\"elementor elementor-2019\" data-elementor-settings=\"[]\">\n\t\t\t\t\t\t\t<div class=\"elementor-section-wrap\">\n\t\t\t\t\t\t\t<section class=\"elementor-section elementor-top-section elementor-element elementor-element-2f0eff1 elementor-section-boxed elementor-section-height-default elementor-section-height-default\" data-id=\"2f0eff1\" data-element_type=\"section\" data-settings=\"{&quot;background_background&quot;:&quot;classic&quot;}\">\n\t\t\t\t\t\t<div class=\"elementor-container elementor-column-gap-default\">\n\t\t\t\t\t<div class=\"elementor-column elementor-col-100 elementor-top-column elementor-element elementor-element-d3015bc\" data-id=\"d3015bc\" data-element_type=\"column\">\n\t\t\t<div class=\"elementor-widget-wrap elementor-element-populated\">\n\t\t\t\t\t\t\t\t<div class=\"elementor-element elementor-element-d765841 elementor-widget elementor-widget-heading\" data-id=\"d765841\" data-element_type=\"widget\" data-widget_type=\"heading.default\">\n\t\t\t\t<div class=\"elementor-widget-container\">\n\t\t\t<style>\/*! elementor - v3.5.6 - 28-02-2022 *\/\n.elementor-heading-title{padding:0;margin:0;line-height:1}.elementor-widget-heading .elementor-heading-title[class*=elementor-size-]>a{color:inherit;font-size:inherit;line-height:inherit}.elementor-widget-heading .elementor-heading-title.elementor-size-small{font-size:15px}.elementor-widget-heading .elementor-heading-title.elementor-size-medium{font-size:19px}.elementor-widget-heading .elementor-heading-title.elementor-size-large{font-size:29px}.elementor-widget-heading .elementor-heading-title.elementor-size-xl{font-size:39px}.elementor-widget-heading .elementor-heading-title.elementor-size-xxl{font-size:59px}<\/style><h1 class=\"elementor-heading-title elementor-size-default elementor-heading-title elementor-size-default\">Obecn\u00e9 \u00fadaje<\/h1>\t\t<\/div>\n\t\t\t\t<\/div>\n\t\t\t\t\t<\/div>\n\t\t<\/div>\n\t\t\t\t\t\t\t<\/div>\n\t\t<\/section>\n\t\t\t\t<section class=\"elementor-section elementor-top-section elementor-element elementor-element-2d014e4 elementor-section-height-min-height elementor-section-boxed elementor-section-height-default elementor-section-items-middle\" data-id=\"2d014e4\" data-element_type=\"section\" data-settings=\"{&quot;background_background&quot;:&quot;classic&quot;}\">\n\t\t\t\t\t\t<div class=\"elementor-container elementor-column-gap-default\">\n\t\t\t\t\t<div class=\"elementor-column elementor-col-100 elementor-top-column elementor-element elementor-element-857ba2f\" data-id=\"857ba2f\" data-element_type=\"column\">\n\t\t\t<div class=\"elementor-widget-wrap elementor-element-populated\">\n\t\t\t\t\t\t\t\t<div class=\"elementor-element elementor-element-eafbe8a elementor-widget elementor-widget-wp-widget-bcn_widget\" data-id=\"eafbe8a\" data-element_type=\"widget\" data-widget_type=\"wp-widget-bcn_widget.default\">\n\t\t\t\t<div class=\"elementor-widget-container\">\n\t\t\t<div class=\"breadcrumbs\" itemscope itemtype=\"https:\/\/schema.org\/BreadcrumbList\"><!-- Breadcrumb NavXT 7.4.1 -->\n<span property=\"itemListElement\" typeof=\"ListItem\"><a property=\"item\" typeof=\"WebPage\" title=\"P\u0159ej\u00edt na dsvamb.cz.\" href=\"https:\/\/www.dsvamb.cz\" class=\"home\" aria-current=\"page\"><span property=\"name\">dsvamb.cz<\/span><\/a><meta property=\"position\" content=\"1\"><\/span><\/div>\t\t<\/div>\n\t\t\t\t<\/div>\n\t\t\t\t\t<\/div>\n\t\t<\/div>\n\t\t\t\t\t\t\t<\/div>\n\t\t<\/section>\n\t\t\t\t<section class=\"elementor-section elementor-top-section elementor-element elementor-element-40d5c95 elementor-section-boxed elementor-section-height-default elementor-section-height-default\" data-id=\"40d5c95\" data-element_type=\"section\" data-settings=\"{&quot;background_background&quot;:&quot;classic&quot;}\">\n\t\t\t\t\t\t<div class=\"elementor-container elementor-column-gap-default\">\n\t\t\t\t\t<div class=\"elementor-column elementor-col-100 elementor-top-column elementor-element elementor-element-4825c6e\" data-id=\"4825c6e\" data-element_type=\"column\">\n\t\t\t<div class=\"elementor-widget-wrap elementor-element-populated\">\n\t\t\t\t\t\t\t\t<div class=\"elementor-element elementor-element-e58e4b7 elementor-widget elementor-widget-text-editor\" data-id=\"e58e4b7\" data-element_type=\"widget\" data-widget_type=\"text-editor.default\">\n\t\t\t\t<div class=\"elementor-widget-container\">\n\t\t\t<style>\/*! elementor - v3.5.6 - 28-02-2022 *\/\n.elementor-widget-text-editor.elementor-drop-cap-view-stacked .elementor-drop-cap{background-color:#818a91;color:#fff}.elementor-widget-text-editor.elementor-drop-cap-view-framed .elementor-drop-cap{color:#818a91;border:3px solid;background-color:transparent}.elementor-widget-text-editor:not(.elementor-drop-cap-view-default) .elementor-drop-cap{margin-top:8px}.elementor-widget-text-editor:not(.elementor-drop-cap-view-default) .elementor-drop-cap-letter{width:1em;height:1em}.elementor-widget-text-editor .elementor-drop-cap{float:left;text-align:center;line-height:1;font-size:50px}.elementor-widget-text-editor .elementor-drop-cap-letter{display:inline-block}<\/style>\t\t\t\t<p style=\"text-align: center;\">Poskytovan\u00e1 slu\u017eba: Domov pro seniory<\/p>\t\t\t\t\t\t<\/div>\n\t\t\t\t<\/div>\n\t\t\t\t\t<\/div>\n\t\t<\/div>\n\t\t\t\t\t\t\t<\/div>\n\t\t<\/section>\n\t\t\t\t<section class=\"elementor-section elementor-top-section elementor-element elementor-element-867cee5 elementor-section-boxed elementor-section-height-default elementor-section-height-default\" data-id=\"867cee5\" data-element_type=\"section\" data-settings=\"{&quot;background_background&quot;:&quot;classic&quot;}\">\n\t\t\t\t\t\t<div class=\"elementor-container elementor-column-gap-default\">\n\t\t\t\t\t<div class=\"elementor-column elementor-col-100 elementor-top-column elementor-element elementor-element-e2a89dc\" data-id=\"e2a89dc\" data-element_type=\"column\">\n\t\t\t<div class=\"elementor-widget-wrap elementor-element-populated\">\n\t\t\t\t\t\t\t\t<div class=\"elementor-element elementor-element-35d79c5 elementor-widget elementor-widget-heading\" data-id=\"35d79c5\" data-element_type=\"widget\" data-widget_type=\"heading.default\">\n\t\t\t\t<div class=\"elementor-widget-container\">\n\t\t\t<h3 class=\"elementor-heading-title elementor-size-default elementor-heading-title elementor-size-default\"><p>Z\u00e1klady pro poskytov\u00e1n\u00ed slu\u017eeb<span style=\"float: none\"><\/span><\/p><\/h3>\t\t<\/div>\n\t\t\t\t<\/div>\n\t\t\t\t<div class=\"elementor-element elementor-element-1264435 elementor-widget elementor-widget-text-editor\" data-id=\"1264435\" data-element_type=\"widget\" data-widget_type=\"text-editor.default\">\n\t\t\t\t<div class=\"elementor-widget-container\">\n\t\t\t\t\t\t\t<p>Poskytujeme individualizovanou p\u00e9\u010di a podporu.&nbsp;<\/p><p>Zachov\u00e1v\u00e1me spole\u010densk\u00e9 postaven\u00ed senior\u016f a uji\u0161\u0165ujeme je v jejich soci\u00e1ln\u00edch rol\u00edch i v p\u0159\u00edpad\u011b du\u0161evn\u00ed nebo t\u011blesn\u00e9 zch\u00e1tralosti.&nbsp;<\/p><p>Neuv\u00e1d\u00edme nikoho do situace, kter\u00e1 by mohla v\u00e9st k jeho p\u0159\u00edpadn\u00e9mu selh\u00e1n\u00ed ve spole\u010denstv\u00ed.&nbsp;<\/p><p>P\u0159ed ostatn\u00edmi nezd\u016fraz\u0148ujeme ni\u010d\u00ed nedostate\u010dnost ani nezp\u016fsobilost.&nbsp;<\/p><p>D\u00e1v\u00e1me ka\u017ed\u00e9mu najevo, \u017ee m\u00e1 svou hodnotu.&nbsp;<\/p><p>Podporujeme a zachov\u00e1v\u00e1me u ka\u017ed\u00e9ho osobn\u00ed nez\u00e1vislost a funk\u010dn\u00ed samostatnost.&nbsp;<\/p><p>Respektujeme individu\u00e1ln\u00ed zvyky a hodnoty (i n\u00e1bo\u017eensk\u00e9).<\/p><p>Respektujeme u ka\u017ed\u00e9ho domov, \u017eivotn\u00ed prostor a soukrom\u00ed.<\/p><p>&nbsp;Poskytujeme \u00fat\u011bchu a projevujeme takt.&nbsp;<\/p><p>Db\u00e1me na souhlas obyvatele k nezbytn\u00fdm pe\u010dovatelsk\u00fdm \u00fakon\u016fm.&nbsp;<\/p><p>Povzbuzujeme seniory k vlastn\u00ed volb\u011b a rozhodov\u00e1n\u00ed.<\/p><p>Podporujeme za\u010dle\u0148ov\u00e1n\u00ed a \u00fa\u010dast v kolektivu. Chr\u00e1n\u00edme obyvatele p\u0159ed p\u0159\u00edpadn\u00fdm vy\u010dle\u0148ov\u00e1n\u00edm z kolektivu.<\/p><p>Podporujeme obyvatele, aby dbali na osobn\u00ed hygienu a vzhled.<\/p><p>Dop\u0159\u00e1v\u00e1me ka\u017ed\u00e9mu dostatek \u010dasu a sna\u017e\u00edme se na nikoho nesp\u011bchat.&nbsp;<\/p><p>P\u00e9\u010di p\u0159izp\u016fsobujeme pot\u0159eb\u00e1m a \u017eivotn\u00edmu rytmu ka\u017ed\u00e9ho jednotlivce.&nbsp;<\/p><p>Sna\u017e\u00edme se p\u0159edv\u00eddat individu\u00e1ln\u00ed pot\u0159eby. Respektujeme hranice schopnost\u00ed ka\u017ed\u00e9ho jednotlivce.&nbsp;<\/p><p>Jednotliv\u00ed pracovn\u00edci v p\u0159\u00edm\u00e9 obslu\u017en\u00e9 p\u00e9\u010di vykon\u00e1vaj\u00ed \u010dinnost odpov\u00eddaj\u00edc\u00ed jejich odborn\u00e9 zp\u016fsobilosti.&nbsp;<\/p><p>Na konkr\u00e9tn\u00ed po\u017eadavky senior\u016f reagujeme zdvo\u0159ile.&nbsp;<\/p><p>Chov\u00e1me se zdvo\u0159ile a projevujeme \u00factu i v p\u0159\u00edpad\u011b, \u017ee m\u00e1me \u0161patnou n\u00e1ladu.&nbsp;<\/p><p>Informujeme p\u0159edem obyvatele o v\u0161ech \u00fakonech p\u00e9\u010de (pokud je to mo\u017en\u00e9).&nbsp;<\/p><p>Podporujeme \u00fa\u010dast na ka\u017edodenn\u00edm \u017eivot\u011b. V r\u00e1mci mo\u017enost\u00ed si zachov\u00e1v\u00e1me smysl pro humor.<\/p>\t\t\t\t\t\t<\/div>\n\t\t\t\t<\/div>\n\t\t\t\t\t<\/div>\n\t\t<\/div>\n\t\t\t\t\t\t\t<\/div>\n\t\t<\/section>\n\t\t\t\t\t\t<\/div>\n\t\t\t\t\t<\/div>\n\t\t","protected":false},"excerpt":{"rendered":"<p>Obecn\u00e9 \u00fadaje Poskytovan\u00e1 slu\u017eba: Domov pro seniory Z\u00e1klady pro poskytov\u00e1n\u00ed slu\u017eeb Poskytujeme individualizovanou p\u00e9\u010di a podporu.&nbsp; Zachov\u00e1v\u00e1me spole\u010densk\u00e9&#8230;<\/p>\n","protected":false},"author":1,"featured_media":0,"parent":346,"menu_order":0,"comment_status":"closed","ping_status":"closed","template":"elementor_header_footer","meta":{"ngg_post_thumbnail":0,"footnotes":""},"class_list":["post-2019","page","type-page","status-publish","hentry"],"_links":{"self":[{"href":"https:\/\/www.dsvamb.cz\/index.php?rest_route=\/wp\/v2\/pages\/2019","targetHints":{"allow":["GET"]}}],"collection":[{"href":"https:\/\/www.dsvamb.cz\/index.php?rest_route=\/wp\/v2\/pages"}],"about":[{"href":"https:\/\/www.dsvamb.cz\/index.php?rest_route=\/wp\/v2\/types\/page"}],"author":[{"embeddable":true,"href":"https:\/\/www.dsvamb.cz\/index.php?rest_route=\/wp\/v2\/users\/1"}],"replies":[{"embeddable":true,"href":"https:\/\/www.dsvamb.cz\/index.php?rest_route=%2Fwp%2Fv2%2Fcomments&post=2019"}],"version-history":[{"count":27,"href":"https:\/\/www.dsvamb.cz\/index.php?rest_route=\/wp\/v2\/pages\/2019\/revisions"}],"predecessor-version":[{"id":2485,"href":"https:\/\/www.dsvamb.cz\/index.php?rest_route=\/wp\/v2\/pages\/2019\/revisions\/2485"}],"up":[{"embeddable":true,"href":"https:\/\/www.dsvamb.cz\/index.php?rest_route=\/wp\/v2\/pages\/346"}],"wp:attachment":[{"href":"https:\/\/www.dsvamb.cz\/index.php?rest_route=%2Fwp%2Fv2%2Fmedia&parent=2019"}],"curies":[{"name":"wp","href":"https:\/\/api.w.org\/{rel}","templated":true}]}}