{"id":2009,"date":"2022-03-21T12:16:10","date_gmt":"2022-03-21T12:16:10","guid":{"rendered":"https:\/\/dsvamb.sonus.cz\/?page_id=2009"},"modified":"2025-09-18T11:13:51","modified_gmt":"2025-09-18T09:13:51","slug":"zakladni-charakteristika","status":"publish","type":"page","link":"https:\/\/www.dsvamb.cz\/?page_id=2009","title":{"rendered":"Z\u00e1kladn\u00ed charakteristika"},"content":{"rendered":"\t\t<div data-elementor-type=\"wp-page\" data-elementor-id=\"2009\" class=\"elementor elementor-2009\" data-elementor-settings=\"[]\">\n\t\t\t\t\t\t\t<div class=\"elementor-section-wrap\">\n\t\t\t\t\t\t\t<section class=\"elementor-section elementor-top-section elementor-element elementor-element-2f0eff1 elementor-section-boxed elementor-section-height-default elementor-section-height-default\" data-id=\"2f0eff1\" data-element_type=\"section\" data-settings=\"{&quot;background_background&quot;:&quot;classic&quot;}\">\n\t\t\t\t\t\t<div class=\"elementor-container elementor-column-gap-default\">\n\t\t\t\t\t<div class=\"elementor-column elementor-col-100 elementor-top-column elementor-element elementor-element-d3015bc\" data-id=\"d3015bc\" data-element_type=\"column\">\n\t\t\t<div class=\"elementor-widget-wrap elementor-element-populated\">\n\t\t\t\t\t\t\t\t<div class=\"elementor-element elementor-element-d765841 elementor-widget elementor-widget-heading\" data-id=\"d765841\" data-element_type=\"widget\" data-widget_type=\"heading.default\">\n\t\t\t\t<div class=\"elementor-widget-container\">\n\t\t\t<style>\/*! elementor - v3.5.6 - 28-02-2022 *\/\n.elementor-heading-title{padding:0;margin:0;line-height:1}.elementor-widget-heading .elementor-heading-title[class*=elementor-size-]>a{color:inherit;font-size:inherit;line-height:inherit}.elementor-widget-heading .elementor-heading-title.elementor-size-small{font-size:15px}.elementor-widget-heading .elementor-heading-title.elementor-size-medium{font-size:19px}.elementor-widget-heading .elementor-heading-title.elementor-size-large{font-size:29px}.elementor-widget-heading .elementor-heading-title.elementor-size-xl{font-size:39px}.elementor-widget-heading .elementor-heading-title.elementor-size-xxl{font-size:59px}<\/style><h1 class=\"elementor-heading-title elementor-size-default elementor-heading-title elementor-size-default\">Z\u00e1kladn\u00ed charakteristika<\/h1>\t\t<\/div>\n\t\t\t\t<\/div>\n\t\t\t\t\t<\/div>\n\t\t<\/div>\n\t\t\t\t\t\t\t<\/div>\n\t\t<\/section>\n\t\t\t\t<section class=\"elementor-section elementor-top-section elementor-element elementor-element-2d014e4 elementor-section-height-min-height elementor-section-boxed elementor-section-height-default elementor-section-items-middle\" data-id=\"2d014e4\" data-element_type=\"section\" data-settings=\"{&quot;background_background&quot;:&quot;classic&quot;}\">\n\t\t\t\t\t\t<div class=\"elementor-container elementor-column-gap-default\">\n\t\t\t\t\t<div class=\"elementor-column elementor-col-100 elementor-top-column elementor-element elementor-element-857ba2f\" data-id=\"857ba2f\" data-element_type=\"column\">\n\t\t\t<div class=\"elementor-widget-wrap elementor-element-populated\">\n\t\t\t\t\t\t\t\t<div class=\"elementor-element elementor-element-eafbe8a elementor-widget elementor-widget-wp-widget-bcn_widget\" data-id=\"eafbe8a\" data-element_type=\"widget\" data-widget_type=\"wp-widget-bcn_widget.default\">\n\t\t\t\t<div class=\"elementor-widget-container\">\n\t\t\t<div class=\"breadcrumbs\" itemscope itemtype=\"https:\/\/schema.org\/BreadcrumbList\"><!-- Breadcrumb NavXT 7.4.1 -->\n<span property=\"itemListElement\" typeof=\"ListItem\"><a property=\"item\" typeof=\"WebPage\" title=\"P\u0159ej\u00edt na dsvamb.cz.\" href=\"https:\/\/www.dsvamb.cz\" class=\"home\" aria-current=\"page\"><span property=\"name\">dsvamb.cz<\/span><\/a><meta property=\"position\" content=\"1\"><\/span><\/div>\t\t<\/div>\n\t\t\t\t<\/div>\n\t\t\t\t\t<\/div>\n\t\t<\/div>\n\t\t\t\t\t\t\t<\/div>\n\t\t<\/section>\n\t\t\t\t<section class=\"elementor-section elementor-top-section elementor-element elementor-element-867cee5 elementor-section-boxed elementor-section-height-default elementor-section-height-default\" data-id=\"867cee5\" data-element_type=\"section\" data-settings=\"{&quot;background_background&quot;:&quot;classic&quot;}\">\n\t\t\t\t\t\t<div class=\"elementor-container elementor-column-gap-default\">\n\t\t\t\t\t<div class=\"elementor-column elementor-col-50 elementor-top-column elementor-element elementor-element-e2a89dc\" data-id=\"e2a89dc\" data-element_type=\"column\">\n\t\t\t<div class=\"elementor-widget-wrap elementor-element-populated\">\n\t\t\t\t\t\t\t\t<div class=\"elementor-element elementor-element-b683f03 elementor-widget elementor-widget-heading\" data-id=\"b683f03\" data-element_type=\"widget\" data-widget_type=\"heading.default\">\n\t\t\t\t<div class=\"elementor-widget-container\">\n\t\t\t<h3 class=\"elementor-heading-title elementor-size-small elementor-heading-title elementor-size-small\">Posl\u00e1n\u00ed<\/h3>\t\t<\/div>\n\t\t\t\t<\/div>\n\t\t\t\t<div class=\"elementor-element elementor-element-1264435 elementor-widget elementor-widget-text-editor\" data-id=\"1264435\" data-element_type=\"widget\" data-widget_type=\"text-editor.default\">\n\t\t\t\t<div class=\"elementor-widget-container\">\n\t\t\t<style>\/*! elementor - v3.5.6 - 28-02-2022 *\/\n.elementor-widget-text-editor.elementor-drop-cap-view-stacked .elementor-drop-cap{background-color:#818a91;color:#fff}.elementor-widget-text-editor.elementor-drop-cap-view-framed .elementor-drop-cap{color:#818a91;border:3px solid;background-color:transparent}.elementor-widget-text-editor:not(.elementor-drop-cap-view-default) .elementor-drop-cap{margin-top:8px}.elementor-widget-text-editor:not(.elementor-drop-cap-view-default) .elementor-drop-cap-letter{width:1em;height:1em}.elementor-widget-text-editor .elementor-drop-cap{float:left;text-align:center;line-height:1;font-size:50px}.elementor-widget-text-editor .elementor-drop-cap-letter{display:inline-block}<\/style>\t\t\t\t<p>D\u016fm sv. Anton\u00edna v Moravsk\u00fdch Bud\u011bjovic\u00edch je domov pro seniory, kte\u0159\u00ed se neobejdou bez pomoci druh\u00e9 osoby p\u0159i sv\u00fdch z\u00e1kladn\u00edch \u017eivotn\u00edch pot\u0159eb\u00e1ch.\u00a0<\/p><p>Jeho posl\u00e1n\u00edm je umo\u017enit obyvatel\u016fm d\u016fstojn\u00e9 a kvalitn\u00ed pro\u017eit\u00ed \u017eivota s d\u016frazem na tradi\u010dn\u00ed k\u0159es\u0165ansk\u00e9 hodnoty.\u00a0<\/p><p>Soci\u00e1ln\u00ed slu\u017eby poskytovan\u00e9 v Dom\u011b sv. Anton\u00edna jsou ur\u010deny pro klienty, kter\u00fdm zdravotn\u00ed stav nebo soci\u00e1ln\u00ed situace ji\u017e neumo\u017e\u0148uj\u00ed samostatnou existenci.\u00a0<\/p><p>Nab\u00edz\u00edme celodenn\u00ed pobytov\u00e9 slu\u017eby pro c\u00edlovou skupinu obyvatel od 50 let, kte\u0159\u00ed nezvl\u00e1dnou p\u00e9\u010di o svou osobu\u00a0 a pot\u0159ebuj\u00ed pomoc druh\u00e9 osoby p\u0159i sv\u00fdch z\u00e1kladn\u00edch \u017eivotn\u00edch pot\u0159eb\u00e1ch.\u00a0<\/p><p>Touto \u010dinnost\u00ed D\u016fm sv. Anton\u00edna pln\u00ed z\u00e1kladn\u00ed posl\u00e1n\u00ed Kongregace Milosrdn\u00fdch sester sv. Karla Boromejsk\u00e9ho ve slu\u017eb\u011b milosrdenstv\u00ed star\u00fdm a nemocn\u00fdm lidem.\u00a0<\/p><p>Domov pro seniory m\u00e1 kapacitu 84 l\u016f\u017eek v jednol\u016f\u017ekov\u00fdch, dvoul\u016f\u017ekov\u00fdch a t\u0159\u00edl\u016f\u017ekov\u00fdch pokoj\u00edch.<\/p>\t\t\t\t\t\t<\/div>\n\t\t\t\t<\/div>\n\t\t\t\t\t<\/div>\n\t\t<\/div>\n\t\t\t\t<div class=\"elementor-column elementor-col-50 elementor-top-column elementor-element elementor-element-fefde73\" data-id=\"fefde73\" data-element_type=\"column\">\n\t\t\t<div class=\"elementor-widget-wrap elementor-element-populated\">\n\t\t\t\t\t\t\t\t<div class=\"elementor-element elementor-element-5c05dbe elementor-widget elementor-widget-heading\" data-id=\"5c05dbe\" data-element_type=\"widget\" data-widget_type=\"heading.default\">\n\t\t\t\t<div class=\"elementor-widget-container\">\n\t\t\t<h3 class=\"elementor-heading-title elementor-size-default elementor-heading-title elementor-size-default\">C\u00edle k napln\u011bn\u00ed posl\u00e1n\u00ed<\/h3>\t\t<\/div>\n\t\t\t\t<\/div>\n\t\t\t\t<div class=\"elementor-element elementor-element-9091a3e elementor-widget elementor-widget-text-editor\" data-id=\"9091a3e\" data-element_type=\"widget\" data-widget_type=\"text-editor.default\">\n\t\t\t\t<div class=\"elementor-widget-container\">\n\t\t\t\t\t\t\t<ol>\n<li>Co nejdel\u0161\u00ed fyzick\u00e1 a psychick\u00e1 samostatnost obyvatel &#8211; podpora a pomoc v\u00e9st b\u011b\u017en\u00fd zp\u016fsob \u017eivota.&nbsp;<\/li><li>Rozvoj p\u00e9\u010de o duchovn\u00ed pot\u0159eby obyvatel.&nbsp;<\/li><li>Vytvo\u0159en\u00ed materi\u00e1ln\u00edch podm\u00ednek pro d\u016fstojn\u00e9 pro\u017eit\u00ed \u017eivota i st\u00e1\u0159\u00ed.<\/li><\/ol>\t\t\t\t\t\t<\/div>\n\t\t\t\t<\/div>\n\t\t\t\t\t<\/div>\n\t\t<\/div>\n\t\t\t\t\t\t\t<\/div>\n\t\t<\/section>\n\t\t\t\t\t\t<\/div>\n\t\t\t\t\t<\/div>\n\t\t","protected":false},"excerpt":{"rendered":"<p>Z\u00e1kladn\u00ed charakteristika Posl\u00e1n\u00ed D\u016fm sv. Anton\u00edna v Moravsk\u00fdch Bud\u011bjovic\u00edch je domov pro seniory, kte\u0159\u00ed se neobejdou bez pomoci&#8230;<\/p>\n","protected":false},"author":1,"featured_media":0,"parent":346,"menu_order":0,"comment_status":"closed","ping_status":"closed","template":"elementor_header_footer","meta":{"ngg_post_thumbnail":0,"footnotes":""},"class_list":["post-2009","page","type-page","status-publish","hentry"],"_links":{"self":[{"href":"https:\/\/www.dsvamb.cz\/index.php?rest_route=\/wp\/v2\/pages\/2009","targetHints":{"allow":["GET"]}}],"collection":[{"href":"https:\/\/www.dsvamb.cz\/index.php?rest_route=\/wp\/v2\/pages"}],"about":[{"href":"https:\/\/www.dsvamb.cz\/index.php?rest_route=\/wp\/v2\/types\/page"}],"author":[{"embeddable":true,"href":"https:\/\/www.dsvamb.cz\/index.php?rest_route=\/wp\/v2\/users\/1"}],"replies":[{"embeddable":true,"href":"https:\/\/www.dsvamb.cz\/index.php?rest_route=%2Fwp%2Fv2%2Fcomments&post=2009"}],"version-history":[{"count":24,"href":"https:\/\/www.dsvamb.cz\/index.php?rest_route=\/wp\/v2\/pages\/2009\/revisions"}],"predecessor-version":[{"id":26743,"href":"https:\/\/www.dsvamb.cz\/index.php?rest_route=\/wp\/v2\/pages\/2009\/revisions\/26743"}],"up":[{"embeddable":true,"href":"https:\/\/www.dsvamb.cz\/index.php?rest_route=\/wp\/v2\/pages\/346"}],"wp:attachment":[{"href":"https:\/\/www.dsvamb.cz\/index.php?rest_route=%2Fwp%2Fv2%2Fmedia&parent=2009"}],"curies":[{"name":"wp","href":"https:\/\/api.w.org\/{rel}","templated":true}]}}